{"id":443,"date":"2024-05-19T16:55:41","date_gmt":"2024-05-19T14:55:41","guid":{"rendered":"https:\/\/foris-consulting.com\/?page_id=443"},"modified":"2024-09-10T15:52:49","modified_gmt":"2024-09-10T13:52:49","slug":"financial-consulting","status":"publish","type":"page","link":"https:\/\/foris-consulting.com\/en\/financial-consulting\/","title":{"rendered":"Financial Consulting"},"content":{"rendered":"<div data-elementor-type=\"wp-page\" data-elementor-id=\"443\" class=\"elementor elementor-443\" data-elementor-post-type=\"page\">\n\t\t\t\t\t\t<section class=\"elementor-section elementor-top-section elementor-element elementor-element-80cc3fd elementor-section-height-min-height elementor-section-stretched elementor-section-boxed elementor-section-height-default elementor-section-items-middle\" data-id=\"80cc3fd\" data-element_type=\"section\" data-settings=\"{&quot;background_background&quot;:&quot;classic&quot;,&quot;stretch_section&quot;:&quot;section-stretched&quot;}\">\n\t\t\t\t\t\t\t<div class=\"elementor-background-overlay\"><\/div>\n\t\t\t\t\t\t\t<div class=\"elementor-container elementor-column-gap-default\">\n\t\t\t\t\t<div class=\"elementor-column elementor-col-100 elementor-top-column elementor-element elementor-element-48630b2\" data-id=\"48630b2\" data-element_type=\"column\">\n\t\t\t<div class=\"elementor-widget-wrap elementor-element-populated\">\n\t\t\t\t\t\t<section class=\"elementor-section elementor-inner-section elementor-element elementor-element-a14092d elementor-section-boxed elementor-section-height-default elementor-section-height-default\" data-id=\"a14092d\" data-element_type=\"section\">\n\t\t\t\t\t\t<div class=\"elementor-container elementor-column-gap-default\">\n\t\t\t\t\t<div class=\"elementor-column elementor-col-50 elementor-inner-column elementor-element elementor-element-360a9bb\" data-id=\"360a9bb\" data-element_type=\"column\" data-settings=\"{&quot;background_background&quot;:&quot;classic&quot;}\">\n\t\t\t<div class=\"elementor-widget-wrap elementor-element-populated\">\n\t\t\t\t\t\t<div class=\"elementor-element elementor-element-a6a4946 elementor-widget__width-auto elementor-widget-mobile__width-initial ekit-equal-height-disable elementor-widget elementor-widget-elementskit-icon-box\" data-id=\"a6a4946\" data-element_type=\"widget\" data-widget_type=\"elementskit-icon-box.default\">\n\t\t\t\t<div class=\"elementor-widget-container\">\n\t\t\t\t\t<div class=\"ekit-wid-con\" >        <!-- link opening -->\n                <a href=\"#\" class=\"ekit_global_links\">\n                <!-- end link opening -->\n\n        <div class=\"elementskit-infobox text-left text-left icon-lef-right-aligin elementor-animation- media\">\n                            <div class=\"elementskit-box-header\">\n                <div class=\"elementskit-info-box-icon text-center\">\n                    <img fetchpriority=\"high\" decoding=\"async\" width=\"361\" height=\"360\" src=\"https:\/\/foris-consulting.com\/wp-content\/uploads\/2024\/06\/iconneee-1.png\" class=\"attachment- size-\" alt=\"\" srcset=\"https:\/\/foris-consulting.com\/wp-content\/uploads\/2024\/06\/iconneee-1.png 361w, https:\/\/foris-consulting.com\/wp-content\/uploads\/2024\/06\/iconneee-1-300x300.png 300w, https:\/\/foris-consulting.com\/wp-content\/uploads\/2024\/06\/iconneee-1-150x150.png 150w\" sizes=\"(max-width: 361px) 100vw, 361px\" \/>                <\/div>\n          <\/div>\n                <div class=\"box-body\">\n                            <h4 class=\"elementskit-info-box-title\">\n                    OUR AREAS OF EXPERTISES                <\/h4>\n                                            <\/div>\n        \n        \n                <\/div>\n                <\/a>\n        <\/div>\t\t\t\t<\/div>\n\t\t\t\t<\/div>\n\t\t\t\t<div class=\"elementor-element elementor-element-4f821db elementor-widget__width-initial elementor-widget-tablet__width-initial elementor-widget elementor-widget-heading\" data-id=\"4f821db\" data-element_type=\"widget\" data-widget_type=\"heading.default\">\n\t\t\t\t<div class=\"elementor-widget-container\">\n\t\t\t\t\t<h2 class=\"elementor-heading-title elementor-size-default\">Financial Consulting<\/h2>\t\t\t\t<\/div>\n\t\t\t\t<\/div>\n\t\t\t\t\t<\/div>\n\t\t<\/div>\n\t\t\t\t<div class=\"elementor-column elementor-col-50 elementor-inner-column elementor-element elementor-element-62ffe51\" data-id=\"62ffe51\" data-element_type=\"column\">\n\t\t\t<div class=\"elementor-widget-wrap\">\n\t\t\t\t\t\t\t<\/div>\n\t\t<\/div>\n\t\t\t\t\t<\/div>\n\t\t<\/section>\n\t\t\t\t\t<\/div>\n\t\t<\/div>\n\t\t\t\t\t<\/div>\n\t\t<\/section>\n\t\t\t\t<section class=\"elementor-section elementor-top-section elementor-element elementor-element-217f6b05 elementor-section-boxed elementor-section-height-default elementor-section-height-default\" data-id=\"217f6b05\" data-element_type=\"section\" data-settings=\"{&quot;background_background&quot;:&quot;classic&quot;}\">\n\t\t\t\t\t\t<div class=\"elementor-container elementor-column-gap-default\">\n\t\t\t\t\t<div class=\"elementor-column elementor-col-100 elementor-top-column elementor-element elementor-element-6a5b0fea\" data-id=\"6a5b0fea\" data-element_type=\"column\" data-settings=\"{&quot;background_background&quot;:&quot;classic&quot;}\">\n\t\t\t<div class=\"elementor-widget-wrap elementor-element-populated\">\n\t\t\t\t\t\t<section class=\"elementor-section elementor-inner-section elementor-element elementor-element-7da6dc32 elementor-section-boxed elementor-section-height-default elementor-section-height-default\" data-id=\"7da6dc32\" data-element_type=\"section\" data-settings=\"{&quot;background_background&quot;:&quot;classic&quot;}\">\n\t\t\t\t\t\t\t<div class=\"elementor-background-overlay\"><\/div>\n\t\t\t\t\t\t\t<div class=\"elementor-container elementor-column-gap-default\">\n\t\t\t\t\t<div class=\"elementor-column elementor-col-50 elementor-inner-column elementor-element elementor-element-6e8ab75 elementor-invisible\" data-id=\"6e8ab75\" data-element_type=\"column\" data-settings=\"{&quot;animation&quot;:&quot;fadeInUp&quot;,&quot;animation_delay&quot;:200,&quot;background_background&quot;:&quot;classic&quot;}\">\n\t\t\t<div class=\"elementor-widget-wrap elementor-element-populated\">\n\t\t\t\t\t\t<div class=\"elementor-element elementor-element-19ea818d elementor-widget__width-initial elementor-widget elementor-widget-text-editor\" data-id=\"19ea818d\" data-element_type=\"widget\" data-widget_type=\"text-editor.default\">\n\t\t\t\t<div class=\"elementor-widget-container\">\n\t\t\t\t\t\t\t\t\t<p>We support organizations in their strategic projects of globalization, diversification or integration.<\/p><p>We put our experience and our network of experts to the benefit of these studies in order to provide them with an decision making report that allows them to minimize the risks associated with investment decisions.<\/p><p>We support organizations through the following studies :<\/p><ul><li>Technical feasibility and risk study;<\/li><li>Economic, social and environmental study;<\/li><li>Market Sizing;<\/li><li>Economic and financial modeling of private and public projects;<\/li><li>Support in the implementation and deployment of projects;<\/li><li>Optimization of operational efficiency and change management.<\/li><\/ul>\t\t\t\t\t\t\t\t<\/div>\n\t\t\t\t<\/div>\n\t\t\t\t\t<\/div>\n\t\t<\/div>\n\t\t\t\t<div class=\"elementor-column elementor-col-50 elementor-inner-column elementor-element elementor-element-1eddcdd6 elementor-invisible\" data-id=\"1eddcdd6\" data-element_type=\"column\" data-settings=\"{&quot;animation&quot;:&quot;fadeInUp&quot;,&quot;animation_delay&quot;:250,&quot;background_background&quot;:&quot;classic&quot;}\">\n\t\t\t<div class=\"elementor-widget-wrap elementor-element-populated\">\n\t\t\t\t\t\t<div class=\"elementor-element elementor-element-fe31a92 elementor-widget elementor-widget-spacer\" data-id=\"fe31a92\" data-element_type=\"widget\" data-widget_type=\"spacer.default\">\n\t\t\t\t<div class=\"elementor-widget-container\">\n\t\t\t\t\t\t\t<div class=\"elementor-spacer\">\n\t\t\t<div class=\"elementor-spacer-inner\"><\/div>\n\t\t<\/div>\n\t\t\t\t\t\t<\/div>\n\t\t\t\t<\/div>\n\t\t\t\t\t<\/div>\n\t\t<\/div>\n\t\t\t\t\t<\/div>\n\t\t<\/section>\n\t\t\t\t\t<\/div>\n\t\t<\/div>\n\t\t\t\t\t<\/div>\n\t\t<\/section>\n\t\t\t\t<\/div>","protected":false},"excerpt":{"rendered":"<p>NOS POLES DE COMPETENCES Financial Consulting Nous assistons les organisations dans leurs projets strat\u00e9giques d\u2019internationalisation, de diversification ou d\u2019int\u00e9gration. Nous mettons notre exp\u00e9rience et notre r\u00e9seau d\u2019experts au profit de ces analyses en vue de leur fournir une \u00e9tude d\u2019opportunit\u00e9 qui leur permet de minimiser les risques li\u00e9s aux d\u00e9cisions d\u2019investissement. Nous assistons les institutions [&hellip;]<\/p>","protected":false},"author":1,"featured_media":0,"parent":0,"menu_order":0,"comment_status":"closed","ping_status":"closed","template":"","meta":{"footnotes":""},"class_list":["post-443","page","type-page","status-publish","hentry"],"yoast_head":"<!-- This site is optimized with the Yoast SEO plugin v25.4 - https:\/\/yoast.com\/wordpress\/plugins\/seo\/ -->\n<title>Financial Consulting - foris<\/title>\n<meta name=\"robots\" content=\"index, follow, max-snippet:-1, max-image-preview:large, max-video-preview:-1\" \/>\n<link rel=\"canonical\" href=\"https:\/\/foris-consulting.com\/en\/financial-consulting\/\" \/>\n<meta property=\"og:locale\" content=\"en_US\" \/>\n<meta property=\"og:type\" content=\"article\" \/>\n<meta property=\"og:title\" content=\"Financial Consulting - foris\" \/>\n<meta property=\"og:description\" content=\"NOS POLES DE COMPETENCES Financial Consulting Nous assistons les organisations dans leurs projets strat\u00e9giques d\u2019internationalisation, de diversification ou d\u2019int\u00e9gration. Nous mettons notre exp\u00e9rience et notre r\u00e9seau d\u2019experts au profit de ces analyses en vue de leur fournir une \u00e9tude d\u2019opportunit\u00e9 qui leur permet de minimiser les risques li\u00e9s aux d\u00e9cisions d\u2019investissement. Nous assistons les institutions [&hellip;]\" \/>\n<meta property=\"og:url\" content=\"https:\/\/foris-consulting.com\/en\/financial-consulting\/\" \/>\n<meta property=\"og:site_name\" content=\"foris\" \/>\n<meta property=\"article:modified_time\" content=\"2024-09-10T13:52:49+00:00\" \/>\n<meta property=\"og:image\" content=\"https:\/\/foris-consulting.com\/wp-content\/uploads\/2024\/06\/iconneee-1.png\" \/>\n<meta name=\"twitter:card\" content=\"summary_large_image\" \/>\n<meta name=\"twitter:label1\" content=\"Est. reading time\" \/>\n\t<meta name=\"twitter:data1\" content=\"1 minute\" \/>\n<script type=\"application\/ld+json\" class=\"yoast-schema-graph\">{\"@context\":\"https:\/\/schema.org\",\"@graph\":[{\"@type\":\"WebPage\",\"@id\":\"https:\/\/foris-consulting.com\/financial-consulting\/\",\"url\":\"https:\/\/foris-consulting.com\/financial-consulting\/\",\"name\":\"Financial Consulting - foris\",\"isPartOf\":{\"@id\":\"https:\/\/foris-consulting.com\/#website\"},\"primaryImageOfPage\":{\"@id\":\"https:\/\/foris-consulting.com\/financial-consulting\/#primaryimage\"},\"image\":{\"@id\":\"https:\/\/foris-consulting.com\/financial-consulting\/#primaryimage\"},\"thumbnailUrl\":\"https:\/\/foris-consulting.com\/wp-content\/uploads\/2024\/06\/iconneee-1.png\",\"datePublished\":\"2024-05-19T14:55:41+00:00\",\"dateModified\":\"2024-09-10T13:52:49+00:00\",\"breadcrumb\":{\"@id\":\"https:\/\/foris-consulting.com\/financial-consulting\/#breadcrumb\"},\"inLanguage\":\"en-US\",\"potentialAction\":[{\"@type\":\"ReadAction\",\"target\":[\"https:\/\/foris-consulting.com\/financial-consulting\/\"]}]},{\"@type\":\"ImageObject\",\"inLanguage\":\"en-US\",\"@id\":\"https:\/\/foris-consulting.com\/financial-consulting\/#primaryimage\",\"url\":\"https:\/\/foris-consulting.com\/wp-content\/uploads\/2024\/06\/iconneee-1.png\",\"contentUrl\":\"https:\/\/foris-consulting.com\/wp-content\/uploads\/2024\/06\/iconneee-1.png\"},{\"@type\":\"BreadcrumbList\",\"@id\":\"https:\/\/foris-consulting.com\/financial-consulting\/#breadcrumb\",\"itemListElement\":[{\"@type\":\"ListItem\",\"position\":1,\"name\":\"Accueil\",\"item\":\"https:\/\/foris-consulting.com\/\"},{\"@type\":\"ListItem\",\"position\":2,\"name\":\"Financial Consulting\"}]},{\"@type\":\"WebSite\",\"@id\":\"https:\/\/foris-consulting.com\/#website\",\"url\":\"https:\/\/foris-consulting.com\/\",\"name\":\"foris\",\"description\":\"FORIS : Leading solutions, not just assessments\",\"potentialAction\":[{\"@type\":\"SearchAction\",\"target\":{\"@type\":\"EntryPoint\",\"urlTemplate\":\"https:\/\/foris-consulting.com\/?s={search_term_string}\"},\"query-input\":{\"@type\":\"PropertyValueSpecification\",\"valueRequired\":true,\"valueName\":\"search_term_string\"}}],\"inLanguage\":\"en-US\"}]}<\/script>\n<!-- \/ Yoast SEO plugin. -->","yoast_head_json":{"title":"Financial Consulting - foris","robots":{"index":"index","follow":"follow","max-snippet":"max-snippet:-1","max-image-preview":"max-image-preview:large","max-video-preview":"max-video-preview:-1"},"canonical":"https:\/\/foris-consulting.com\/en\/financial-consulting\/","og_locale":"en_US","og_type":"article","og_title":"Financial Consulting - foris","og_description":"NOS POLES DE COMPETENCES Financial Consulting Nous assistons les organisations dans leurs projets strat\u00e9giques d\u2019internationalisation, de diversification ou d\u2019int\u00e9gration. Nous mettons notre exp\u00e9rience et notre r\u00e9seau d\u2019experts au profit de ces analyses en vue de leur fournir une \u00e9tude d\u2019opportunit\u00e9 qui leur permet de minimiser les risques li\u00e9s aux d\u00e9cisions d\u2019investissement. Nous assistons les institutions [&hellip;]","og_url":"https:\/\/foris-consulting.com\/en\/financial-consulting\/","og_site_name":"foris","article_modified_time":"2024-09-10T13:52:49+00:00","og_image":[{"url":"https:\/\/foris-consulting.com\/wp-content\/uploads\/2024\/06\/iconneee-1.png","type":"","width":"","height":""}],"twitter_card":"summary_large_image","twitter_misc":{"Est. reading time":"1 minute"},"schema":{"@context":"https:\/\/schema.org","@graph":[{"@type":"WebPage","@id":"https:\/\/foris-consulting.com\/financial-consulting\/","url":"https:\/\/foris-consulting.com\/financial-consulting\/","name":"Financial Consulting - foris","isPartOf":{"@id":"https:\/\/foris-consulting.com\/#website"},"primaryImageOfPage":{"@id":"https:\/\/foris-consulting.com\/financial-consulting\/#primaryimage"},"image":{"@id":"https:\/\/foris-consulting.com\/financial-consulting\/#primaryimage"},"thumbnailUrl":"https:\/\/foris-consulting.com\/wp-content\/uploads\/2024\/06\/iconneee-1.png","datePublished":"2024-05-19T14:55:41+00:00","dateModified":"2024-09-10T13:52:49+00:00","breadcrumb":{"@id":"https:\/\/foris-consulting.com\/financial-consulting\/#breadcrumb"},"inLanguage":"en-US","potentialAction":[{"@type":"ReadAction","target":["https:\/\/foris-consulting.com\/financial-consulting\/"]}]},{"@type":"ImageObject","inLanguage":"en-US","@id":"https:\/\/foris-consulting.com\/financial-consulting\/#primaryimage","url":"https:\/\/foris-consulting.com\/wp-content\/uploads\/2024\/06\/iconneee-1.png","contentUrl":"https:\/\/foris-consulting.com\/wp-content\/uploads\/2024\/06\/iconneee-1.png"},{"@type":"BreadcrumbList","@id":"https:\/\/foris-consulting.com\/financial-consulting\/#breadcrumb","itemListElement":[{"@type":"ListItem","position":1,"name":"Accueil","item":"https:\/\/foris-consulting.com\/"},{"@type":"ListItem","position":2,"name":"Financial Consulting"}]},{"@type":"WebSite","@id":"https:\/\/foris-consulting.com\/#website","url":"https:\/\/foris-consulting.com\/","name":"foris","description":"FORIS : Leading solutions, not just assessments","potentialAction":[{"@type":"SearchAction","target":{"@type":"EntryPoint","urlTemplate":"https:\/\/foris-consulting.com\/?s={search_term_string}"},"query-input":{"@type":"PropertyValueSpecification","valueRequired":true,"valueName":"search_term_string"}}],"inLanguage":"en-US"}]}},"_links":{"self":[{"href":"https:\/\/foris-consulting.com\/en\/wp-json\/wp\/v2\/pages\/443","targetHints":{"allow":["GET"]}}],"collection":[{"href":"https:\/\/foris-consulting.com\/en\/wp-json\/wp\/v2\/pages"}],"about":[{"href":"https:\/\/foris-consulting.com\/en\/wp-json\/wp\/v2\/types\/page"}],"author":[{"embeddable":true,"href":"https:\/\/foris-consulting.com\/en\/wp-json\/wp\/v2\/users\/1"}],"replies":[{"embeddable":true,"href":"https:\/\/foris-consulting.com\/en\/wp-json\/wp\/v2\/comments?post=443"}],"version-history":[{"count":3,"href":"https:\/\/foris-consulting.com\/en\/wp-json\/wp\/v2\/pages\/443\/revisions"}],"predecessor-version":[{"id":8358,"href":"https:\/\/foris-consulting.com\/en\/wp-json\/wp\/v2\/pages\/443\/revisions\/8358"}],"wp:attachment":[{"href":"https:\/\/foris-consulting.com\/en\/wp-json\/wp\/v2\/media?parent=443"}],"curies":[{"name":"wp","href":"https:\/\/api.w.org\/{rel}","templated":true}]}}