{"id":295,"date":"2024-05-12T19:47:17","date_gmt":"2024-05-12T17:47:17","guid":{"rendered":"https:\/\/foris-consulting.com\/?page_id=295"},"modified":"2024-09-30T14:09:50","modified_gmt":"2024-09-30T12:09:50","slug":"audit-et-evaluation-de-projets","status":"publish","type":"page","link":"https:\/\/foris-consulting.com\/en\/audit-et-evaluation-de-projets\/","title":{"rendered":"Audit et \u00e9valuation  de projets"},"content":{"rendered":"<div data-elementor-type=\"wp-page\" data-elementor-id=\"295\" class=\"elementor elementor-295\" data-elementor-post-type=\"page\">\n\t\t\t\t\t\t<section class=\"elementor-section elementor-top-section elementor-element elementor-element-a31e514 elementor-section-height-min-height elementor-section-stretched elementor-section-boxed elementor-section-height-default elementor-section-items-middle\" data-id=\"a31e514\" data-element_type=\"section\" data-settings=\"{&quot;background_background&quot;:&quot;classic&quot;,&quot;stretch_section&quot;:&quot;section-stretched&quot;}\">\n\t\t\t\t\t\t\t<div class=\"elementor-background-overlay\"><\/div>\n\t\t\t\t\t\t\t<div class=\"elementor-container elementor-column-gap-default\">\n\t\t\t\t\t<div class=\"elementor-column elementor-col-100 elementor-top-column elementor-element elementor-element-39c3aa0\" data-id=\"39c3aa0\" data-element_type=\"column\">\n\t\t\t<div class=\"elementor-widget-wrap elementor-element-populated\">\n\t\t\t\t\t\t<section class=\"elementor-section elementor-inner-section elementor-element elementor-element-22124f7 elementor-section-boxed elementor-section-height-default elementor-section-height-default\" data-id=\"22124f7\" data-element_type=\"section\">\n\t\t\t\t\t\t<div class=\"elementor-container elementor-column-gap-default\">\n\t\t\t\t\t<div class=\"elementor-column elementor-col-50 elementor-inner-column elementor-element elementor-element-00c4b23\" data-id=\"00c4b23\" data-element_type=\"column\" data-settings=\"{&quot;background_background&quot;:&quot;classic&quot;}\">\n\t\t\t<div class=\"elementor-widget-wrap elementor-element-populated\">\n\t\t\t\t\t\t<div class=\"elementor-element elementor-element-75fdd2a elementor-widget__width-auto elementor-widget-mobile__width-initial ekit-equal-height-disable elementor-widget elementor-widget-elementskit-icon-box\" data-id=\"75fdd2a\" data-element_type=\"widget\" data-widget_type=\"elementskit-icon-box.default\">\n\t\t\t\t<div class=\"elementor-widget-container\">\n\t\t\t\t\t<div class=\"ekit-wid-con\" >        <!-- link opening -->\n                <a href=\"#\" class=\"ekit_global_links\">\n                <!-- end link opening -->\n\n        <div class=\"elementskit-infobox text-left text-left icon-lef-right-aligin elementor-animation- media\">\n                            <div class=\"elementskit-box-header\">\n                <div class=\"elementskit-info-box-icon text-center\">\n                    <img fetchpriority=\"high\" decoding=\"async\" width=\"361\" height=\"360\" src=\"https:\/\/foris-consulting.com\/wp-content\/uploads\/2024\/06\/iconneee-1.png\" class=\"attachment- size-\" alt=\"\" srcset=\"https:\/\/foris-consulting.com\/wp-content\/uploads\/2024\/06\/iconneee-1.png 361w, https:\/\/foris-consulting.com\/wp-content\/uploads\/2024\/06\/iconneee-1-300x300.png 300w, https:\/\/foris-consulting.com\/wp-content\/uploads\/2024\/06\/iconneee-1-150x150.png 150w\" sizes=\"(max-width: 361px) 100vw, 361px\" \/>                <\/div>\n          <\/div>\n                <div class=\"box-body\">\n                            <h4 class=\"elementskit-info-box-title\">\n                    OUR AREAS OF EXPERTISES                <\/h4>\n                                            <\/div>\n        \n        \n                <\/div>\n                <\/a>\n        <\/div>\t\t\t\t<\/div>\n\t\t\t\t<\/div>\n\t\t\t\t<div class=\"elementor-element elementor-element-7795c20 elementor-widget__width-initial elementor-widget-tablet__width-initial elementor-widget elementor-widget-heading\" data-id=\"7795c20\" data-element_type=\"widget\" data-widget_type=\"heading.default\">\n\t\t\t\t<div class=\"elementor-widget-container\">\n\t\t\t\t\t<h2 class=\"elementor-heading-title elementor-size-default\">Audit &amp; \u00e9valuation des projets\n<\/h2>\t\t\t\t<\/div>\n\t\t\t\t<\/div>\n\t\t\t\t\t<\/div>\n\t\t<\/div>\n\t\t\t\t<div class=\"elementor-column elementor-col-50 elementor-inner-column elementor-element elementor-element-f03aafe\" data-id=\"f03aafe\" data-element_type=\"column\">\n\t\t\t<div class=\"elementor-widget-wrap\">\n\t\t\t\t\t\t\t<\/div>\n\t\t<\/div>\n\t\t\t\t\t<\/div>\n\t\t<\/section>\n\t\t\t\t\t<\/div>\n\t\t<\/div>\n\t\t\t\t\t<\/div>\n\t\t<\/section>\n\t\t\t\t<section class=\"elementor-section elementor-top-section elementor-element elementor-element-b9e1b22 elementor-section-boxed elementor-section-height-default elementor-section-height-default\" data-id=\"b9e1b22\" data-element_type=\"section\" data-settings=\"{&quot;background_background&quot;:&quot;classic&quot;}\">\n\t\t\t\t\t\t<div class=\"elementor-container elementor-column-gap-default\">\n\t\t\t\t\t<div class=\"elementor-column elementor-col-100 elementor-top-column elementor-element elementor-element-71814c62\" data-id=\"71814c62\" data-element_type=\"column\">\n\t\t\t<div class=\"elementor-widget-wrap elementor-element-populated\">\n\t\t\t\t\t\t<div class=\"elementor-element elementor-element-b157a20 elementor-widget elementor-widget-heading\" data-id=\"b157a20\" data-element_type=\"widget\" data-widget_type=\"heading.default\">\n\t\t\t\t<div class=\"elementor-widget-container\">\n\t\t\t\t\t<h2 class=\"elementor-heading-title elementor-size-default\">Audit et \u00e9valuation  de projets<\/h2>\t\t\t\t<\/div>\n\t\t\t\t<\/div>\n\t\t\t\t<section class=\"elementor-section elementor-inner-section elementor-element elementor-element-3b54733f elementor-section-boxed elementor-section-height-default elementor-section-height-default\" data-id=\"3b54733f\" data-element_type=\"section\">\n\t\t\t\t\t\t<div class=\"elementor-container elementor-column-gap-default\">\n\t\t\t\t\t<div class=\"elementor-column elementor-col-50 elementor-inner-column elementor-element elementor-element-2d6841c elementor-invisible\" data-id=\"2d6841c\" data-element_type=\"column\" data-settings=\"{&quot;animation&quot;:&quot;fadeInUp&quot;,&quot;animation_delay&quot;:200}\">\n\t\t\t<div class=\"elementor-widget-wrap elementor-element-populated\">\n\t\t\t\t\t\t<div class=\"elementor-element elementor-element-239d090 elementor-widget elementor-widget-text-editor\" data-id=\"239d090\" data-element_type=\"widget\" data-widget_type=\"text-editor.default\">\n\t\t\t\t<div class=\"elementor-widget-container\">\n\t\t\t\t\t\t\t\t\t<p>We work closely with partners who generally use an independent third-party opinion to audit the projects they finance.<\/p><p>This confirmation provides reasonable assurance that the funds raised have been used wisely and in accordance with the goals set at the beginning of the project.<\/p><p>To meet this need, FORIS team brings together experts with extensive experience in the following areas:<\/p><ul><li>Financial and accounting audit of projects ;<\/li><li>Assessment of projects according to international standards (relevance, effectiveness, efficiency, impact study, monitoring and assessment).<\/li><\/ul>\t\t\t\t\t\t\t\t<\/div>\n\t\t\t\t<\/div>\n\t\t\t\t\t<\/div>\n\t\t<\/div>\n\t\t\t\t<div class=\"elementor-column elementor-col-50 elementor-inner-column elementor-element elementor-element-43db484d elementor-invisible\" data-id=\"43db484d\" data-element_type=\"column\" data-settings=\"{&quot;animation&quot;:&quot;fadeInUp&quot;,&quot;animation_delay&quot;:250,&quot;background_background&quot;:&quot;classic&quot;}\">\n\t\t\t<div class=\"elementor-widget-wrap elementor-element-populated\">\n\t\t\t\t<div class=\"elementor-element elementor-element-30000b4 e-con-full e-flex e-con e-child\" data-id=\"30000b4\" data-element_type=\"container\">\n\t\t<div class=\"elementor-element elementor-element-8a0564d e-con-full e-flex e-con e-child\" data-id=\"8a0564d\" data-element_type=\"container\">\n\t\t<div class=\"elementor-element elementor-element-dc2b60c e-con-full e-flex e-con e-child\" data-id=\"dc2b60c\" data-element_type=\"container\">\n\t\t\t\t<div class=\"elementor-element elementor-element-212650e elementor-widget-mobile__width-initial elementor-widget elementor-widget-spacer\" data-id=\"212650e\" data-element_type=\"widget\" data-widget_type=\"spacer.default\">\n\t\t\t\t<div class=\"elementor-widget-container\">\n\t\t\t\t\t\t\t<div class=\"elementor-spacer\">\n\t\t\t<div class=\"elementor-spacer-inner\"><\/div>\n\t\t<\/div>\n\t\t\t\t\t\t<\/div>\n\t\t\t\t<\/div>\n\t\t\t\t<\/div>\n\t\t<div class=\"elementor-element elementor-element-e7e1c23 e-con-full e-flex e-con e-child\" data-id=\"e7e1c23\" data-element_type=\"container\">\n\t\t\t\t<div class=\"elementor-element elementor-element-bbae9af elementor-widget elementor-widget-heading\" data-id=\"bbae9af\" data-element_type=\"widget\" data-widget_type=\"heading.default\">\n\t\t\t\t<div class=\"elementor-widget-container\">\n\t\t\t\t\t<h2 class=\"elementor-heading-title elementor-size-default\">Country of intervention\n<\/h2>\t\t\t\t<\/div>\n\t\t\t\t<\/div>\n\t\t\t\t<\/div>\n\t\t\t\t<\/div>\n\t\t\t\t<\/div>\n\t\t\t\t\t<\/div>\n\t\t<\/div>\n\t\t\t\t\t<\/div>\n\t\t<\/section>\n\t\t\t\t\t<\/div>\n\t\t<\/div>\n\t\t\t\t\t<\/div>\n\t\t<\/section>\n\t\t\t\t<\/div>","protected":false},"excerpt":{"rendered":"<p>NOS POLES DE COMPETENCES Audit &amp; \u00e9valuation des projets Audit et \u00e9valuation de projets Nous travaillons en \u00e9troite collaboration avec des partenaires ayant g\u00e9n\u00e9ralement recours \u00e0 une opinion ind\u00e9pendante de tierce partie pour auditer les projets qu\u2019ils financent. Cette confirmation permet de donner une assurance raisonnable que les fonds mobilis\u00e9s ont \u00e9t\u00e9 utilis\u00e9s \u00e0 bon [&hellip;]<\/p>","protected":false},"author":1,"featured_media":0,"parent":0,"menu_order":0,"comment_status":"closed","ping_status":"closed","template":"","meta":{"footnotes":""},"class_list":["post-295","page","type-page","status-publish","hentry"],"yoast_head":"<!-- This site is optimized with the Yoast SEO plugin v25.4 - https:\/\/yoast.com\/wordpress\/plugins\/seo\/ -->\n<title>Audit et \u00e9valuation de projets - foris<\/title>\n<meta name=\"robots\" content=\"index, follow, max-snippet:-1, max-image-preview:large, max-video-preview:-1\" \/>\n<link rel=\"canonical\" href=\"https:\/\/foris-consulting.com\/en\/audit-et-evaluation-de-projets\/\" \/>\n<meta property=\"og:locale\" content=\"en_US\" \/>\n<meta property=\"og:type\" content=\"article\" \/>\n<meta property=\"og:title\" content=\"Audit et \u00e9valuation de projets - foris\" \/>\n<meta property=\"og:description\" content=\"NOS POLES DE COMPETENCES Audit &amp; \u00e9valuation des projets Audit et \u00e9valuation de projets Nous travaillons en \u00e9troite collaboration avec des partenaires ayant g\u00e9n\u00e9ralement recours \u00e0 une opinion ind\u00e9pendante de tierce partie pour auditer les projets qu\u2019ils financent. Cette confirmation permet de donner une assurance raisonnable que les fonds mobilis\u00e9s ont \u00e9t\u00e9 utilis\u00e9s \u00e0 bon [&hellip;]\" \/>\n<meta property=\"og:url\" content=\"https:\/\/foris-consulting.com\/en\/audit-et-evaluation-de-projets\/\" \/>\n<meta property=\"og:site_name\" content=\"foris\" \/>\n<meta property=\"article:modified_time\" content=\"2024-09-30T12:09:50+00:00\" \/>\n<meta property=\"og:image\" content=\"https:\/\/foris-consulting.com\/wp-content\/uploads\/2024\/06\/iconneee-1.png\" \/>\n<meta name=\"twitter:card\" content=\"summary_large_image\" \/>\n<meta name=\"twitter:label1\" content=\"Est. reading time\" \/>\n\t<meta name=\"twitter:data1\" content=\"1 minute\" \/>\n<script type=\"application\/ld+json\" class=\"yoast-schema-graph\">{\"@context\":\"https:\/\/schema.org\",\"@graph\":[{\"@type\":\"WebPage\",\"@id\":\"https:\/\/foris-consulting.com\/audit-et-evaluation-de-projets\/\",\"url\":\"https:\/\/foris-consulting.com\/audit-et-evaluation-de-projets\/\",\"name\":\"Audit et \u00e9valuation de projets - foris\",\"isPartOf\":{\"@id\":\"https:\/\/foris-consulting.com\/#website\"},\"primaryImageOfPage\":{\"@id\":\"https:\/\/foris-consulting.com\/audit-et-evaluation-de-projets\/#primaryimage\"},\"image\":{\"@id\":\"https:\/\/foris-consulting.com\/audit-et-evaluation-de-projets\/#primaryimage\"},\"thumbnailUrl\":\"https:\/\/foris-consulting.com\/wp-content\/uploads\/2024\/06\/iconneee-1.png\",\"datePublished\":\"2024-05-12T17:47:17+00:00\",\"dateModified\":\"2024-09-30T12:09:50+00:00\",\"breadcrumb\":{\"@id\":\"https:\/\/foris-consulting.com\/audit-et-evaluation-de-projets\/#breadcrumb\"},\"inLanguage\":\"en-US\",\"potentialAction\":[{\"@type\":\"ReadAction\",\"target\":[\"https:\/\/foris-consulting.com\/audit-et-evaluation-de-projets\/\"]}]},{\"@type\":\"ImageObject\",\"inLanguage\":\"en-US\",\"@id\":\"https:\/\/foris-consulting.com\/audit-et-evaluation-de-projets\/#primaryimage\",\"url\":\"https:\/\/foris-consulting.com\/wp-content\/uploads\/2024\/06\/iconneee-1.png\",\"contentUrl\":\"https:\/\/foris-consulting.com\/wp-content\/uploads\/2024\/06\/iconneee-1.png\"},{\"@type\":\"BreadcrumbList\",\"@id\":\"https:\/\/foris-consulting.com\/audit-et-evaluation-de-projets\/#breadcrumb\",\"itemListElement\":[{\"@type\":\"ListItem\",\"position\":1,\"name\":\"Accueil\",\"item\":\"https:\/\/foris-consulting.com\/\"},{\"@type\":\"ListItem\",\"position\":2,\"name\":\"Audit et \u00e9valuation de projets\"}]},{\"@type\":\"WebSite\",\"@id\":\"https:\/\/foris-consulting.com\/#website\",\"url\":\"https:\/\/foris-consulting.com\/\",\"name\":\"foris\",\"description\":\"FORIS : Leading solutions, not just assessments\",\"potentialAction\":[{\"@type\":\"SearchAction\",\"target\":{\"@type\":\"EntryPoint\",\"urlTemplate\":\"https:\/\/foris-consulting.com\/?s={search_term_string}\"},\"query-input\":{\"@type\":\"PropertyValueSpecification\",\"valueRequired\":true,\"valueName\":\"search_term_string\"}}],\"inLanguage\":\"en-US\"}]}<\/script>\n<!-- \/ Yoast SEO plugin. -->","yoast_head_json":{"title":"Audit et \u00e9valuation de projets - foris","robots":{"index":"index","follow":"follow","max-snippet":"max-snippet:-1","max-image-preview":"max-image-preview:large","max-video-preview":"max-video-preview:-1"},"canonical":"https:\/\/foris-consulting.com\/en\/audit-et-evaluation-de-projets\/","og_locale":"en_US","og_type":"article","og_title":"Audit et \u00e9valuation de projets - foris","og_description":"NOS POLES DE COMPETENCES Audit &amp; \u00e9valuation des projets Audit et \u00e9valuation de projets Nous travaillons en \u00e9troite collaboration avec des partenaires ayant g\u00e9n\u00e9ralement recours \u00e0 une opinion ind\u00e9pendante de tierce partie pour auditer les projets qu\u2019ils financent. Cette confirmation permet de donner une assurance raisonnable que les fonds mobilis\u00e9s ont \u00e9t\u00e9 utilis\u00e9s \u00e0 bon [&hellip;]","og_url":"https:\/\/foris-consulting.com\/en\/audit-et-evaluation-de-projets\/","og_site_name":"foris","article_modified_time":"2024-09-30T12:09:50+00:00","og_image":[{"url":"https:\/\/foris-consulting.com\/wp-content\/uploads\/2024\/06\/iconneee-1.png","type":"","width":"","height":""}],"twitter_card":"summary_large_image","twitter_misc":{"Est. reading time":"1 minute"},"schema":{"@context":"https:\/\/schema.org","@graph":[{"@type":"WebPage","@id":"https:\/\/foris-consulting.com\/audit-et-evaluation-de-projets\/","url":"https:\/\/foris-consulting.com\/audit-et-evaluation-de-projets\/","name":"Audit et \u00e9valuation de projets - foris","isPartOf":{"@id":"https:\/\/foris-consulting.com\/#website"},"primaryImageOfPage":{"@id":"https:\/\/foris-consulting.com\/audit-et-evaluation-de-projets\/#primaryimage"},"image":{"@id":"https:\/\/foris-consulting.com\/audit-et-evaluation-de-projets\/#primaryimage"},"thumbnailUrl":"https:\/\/foris-consulting.com\/wp-content\/uploads\/2024\/06\/iconneee-1.png","datePublished":"2024-05-12T17:47:17+00:00","dateModified":"2024-09-30T12:09:50+00:00","breadcrumb":{"@id":"https:\/\/foris-consulting.com\/audit-et-evaluation-de-projets\/#breadcrumb"},"inLanguage":"en-US","potentialAction":[{"@type":"ReadAction","target":["https:\/\/foris-consulting.com\/audit-et-evaluation-de-projets\/"]}]},{"@type":"ImageObject","inLanguage":"en-US","@id":"https:\/\/foris-consulting.com\/audit-et-evaluation-de-projets\/#primaryimage","url":"https:\/\/foris-consulting.com\/wp-content\/uploads\/2024\/06\/iconneee-1.png","contentUrl":"https:\/\/foris-consulting.com\/wp-content\/uploads\/2024\/06\/iconneee-1.png"},{"@type":"BreadcrumbList","@id":"https:\/\/foris-consulting.com\/audit-et-evaluation-de-projets\/#breadcrumb","itemListElement":[{"@type":"ListItem","position":1,"name":"Accueil","item":"https:\/\/foris-consulting.com\/"},{"@type":"ListItem","position":2,"name":"Audit et \u00e9valuation de projets"}]},{"@type":"WebSite","@id":"https:\/\/foris-consulting.com\/#website","url":"https:\/\/foris-consulting.com\/","name":"foris","description":"FORIS : Leading solutions, not just assessments","potentialAction":[{"@type":"SearchAction","target":{"@type":"EntryPoint","urlTemplate":"https:\/\/foris-consulting.com\/?s={search_term_string}"},"query-input":{"@type":"PropertyValueSpecification","valueRequired":true,"valueName":"search_term_string"}}],"inLanguage":"en-US"}]}},"_links":{"self":[{"href":"https:\/\/foris-consulting.com\/en\/wp-json\/wp\/v2\/pages\/295","targetHints":{"allow":["GET"]}}],"collection":[{"href":"https:\/\/foris-consulting.com\/en\/wp-json\/wp\/v2\/pages"}],"about":[{"href":"https:\/\/foris-consulting.com\/en\/wp-json\/wp\/v2\/types\/page"}],"author":[{"embeddable":true,"href":"https:\/\/foris-consulting.com\/en\/wp-json\/wp\/v2\/users\/1"}],"replies":[{"embeddable":true,"href":"https:\/\/foris-consulting.com\/en\/wp-json\/wp\/v2\/comments?post=295"}],"version-history":[{"count":15,"href":"https:\/\/foris-consulting.com\/en\/wp-json\/wp\/v2\/pages\/295\/revisions"}],"predecessor-version":[{"id":8413,"href":"https:\/\/foris-consulting.com\/en\/wp-json\/wp\/v2\/pages\/295\/revisions\/8413"}],"wp:attachment":[{"href":"https:\/\/foris-consulting.com\/en\/wp-json\/wp\/v2\/media?parent=295"}],"curies":[{"name":"wp","href":"https:\/\/api.w.org\/{rel}","templated":true}]}}