{"id":236,"date":"2024-05-12T16:50:01","date_gmt":"2024-05-12T14:50:01","guid":{"rendered":"https:\/\/foris-consulting.com\/?page_id=236"},"modified":"2024-09-27T18:43:37","modified_gmt":"2024-09-27T16:43:37","slug":"grc","status":"publish","type":"page","link":"https:\/\/foris-consulting.com\/en\/grc\/","title":{"rendered":"GRC"},"content":{"rendered":"<div data-elementor-type=\"wp-page\" data-elementor-id=\"236\" class=\"elementor elementor-236\" data-elementor-post-type=\"page\">\n\t\t\t\t\t\t<section class=\"elementor-section elementor-top-section elementor-element elementor-element-03f5629 elementor-section-height-min-height elementor-section-stretched elementor-section-boxed elementor-section-height-default elementor-section-items-middle\" data-id=\"03f5629\" data-element_type=\"section\" data-settings=\"{&quot;background_background&quot;:&quot;classic&quot;,&quot;stretch_section&quot;:&quot;section-stretched&quot;}\">\n\t\t\t\t\t\t\t<div class=\"elementor-background-overlay\"><\/div>\n\t\t\t\t\t\t\t<div class=\"elementor-container elementor-column-gap-default\">\n\t\t\t\t\t<div class=\"elementor-column elementor-col-100 elementor-top-column elementor-element elementor-element-65e7236\" data-id=\"65e7236\" data-element_type=\"column\">\n\t\t\t<div class=\"elementor-widget-wrap elementor-element-populated\">\n\t\t\t\t\t\t<section class=\"elementor-section elementor-inner-section elementor-element elementor-element-97f1d7e elementor-section-boxed elementor-section-height-default elementor-section-height-default\" data-id=\"97f1d7e\" data-element_type=\"section\">\n\t\t\t\t\t\t<div class=\"elementor-container elementor-column-gap-default\">\n\t\t\t\t\t<div class=\"elementor-column elementor-col-50 elementor-inner-column elementor-element elementor-element-3f3feb9\" data-id=\"3f3feb9\" data-element_type=\"column\" data-settings=\"{&quot;background_background&quot;:&quot;classic&quot;}\">\n\t\t\t<div class=\"elementor-widget-wrap elementor-element-populated\">\n\t\t\t\t\t\t<div class=\"elementor-element elementor-element-afc2120 elementor-widget__width-auto elementor-widget-mobile__width-initial ekit-equal-height-disable elementor-widget elementor-widget-elementskit-icon-box\" data-id=\"afc2120\" data-element_type=\"widget\" data-widget_type=\"elementskit-icon-box.default\">\n\t\t\t\t<div class=\"elementor-widget-container\">\n\t\t\t\t\t<div class=\"ekit-wid-con\" >        <!-- link opening -->\n                <a href=\"#\" class=\"ekit_global_links\">\n                <!-- end link opening -->\n\n        <div class=\"elementskit-infobox text-left text-left icon-lef-right-aligin elementor-animation- media\">\n                            <div class=\"elementskit-box-header\">\n                <div class=\"elementskit-info-box-icon text-center\">\n                    <img fetchpriority=\"high\" decoding=\"async\" width=\"361\" height=\"360\" src=\"https:\/\/foris-consulting.com\/wp-content\/uploads\/2024\/06\/iconneee-1.png\" class=\"attachment- size-\" alt=\"\" srcset=\"https:\/\/foris-consulting.com\/wp-content\/uploads\/2024\/06\/iconneee-1.png 361w, https:\/\/foris-consulting.com\/wp-content\/uploads\/2024\/06\/iconneee-1-300x300.png 300w, https:\/\/foris-consulting.com\/wp-content\/uploads\/2024\/06\/iconneee-1-150x150.png 150w\" sizes=\"(max-width: 361px) 100vw, 361px\" \/>                <\/div>\n          <\/div>\n                <div class=\"box-body\">\n                            <h4 class=\"elementskit-info-box-title\">\n                    OUR AREAS OF EXPERTISES                <\/h4>\n                                            <\/div>\n        \n        \n                <\/div>\n                <\/a>\n        <\/div>\t\t\t\t<\/div>\n\t\t\t\t<\/div>\n\t\t\t\t<div class=\"elementor-element elementor-element-6a699ff elementor-widget__width-initial elementor-widget-tablet__width-initial elementor-widget elementor-widget-heading\" data-id=\"6a699ff\" data-element_type=\"widget\" data-widget_type=\"heading.default\">\n\t\t\t\t<div class=\"elementor-widget-container\">\n\t\t\t\t\t<h2 class=\"elementor-heading-title elementor-size-default\">Governance, Risk and Compliance<\/h2>\t\t\t\t<\/div>\n\t\t\t\t<\/div>\n\t\t\t\t\t<\/div>\n\t\t<\/div>\n\t\t\t\t<div class=\"elementor-column elementor-col-50 elementor-inner-column elementor-element elementor-element-3ee305f\" data-id=\"3ee305f\" data-element_type=\"column\">\n\t\t\t<div class=\"elementor-widget-wrap\">\n\t\t\t\t\t\t\t<\/div>\n\t\t<\/div>\n\t\t\t\t\t<\/div>\n\t\t<\/section>\n\t\t\t\t\t<\/div>\n\t\t<\/div>\n\t\t\t\t\t<\/div>\n\t\t<\/section>\n\t\t\t\t<section class=\"elementor-section elementor-top-section elementor-element elementor-element-5ce97617 elementor-section-boxed elementor-section-height-default elementor-section-height-default\" data-id=\"5ce97617\" data-element_type=\"section\" data-settings=\"{&quot;background_background&quot;:&quot;classic&quot;}\">\n\t\t\t\t\t\t<div class=\"elementor-container elementor-column-gap-default\">\n\t\t\t\t\t<div class=\"elementor-column elementor-col-100 elementor-top-column elementor-element elementor-element-495b732b\" data-id=\"495b732b\" data-element_type=\"column\">\n\t\t\t<div class=\"elementor-widget-wrap elementor-element-populated\">\n\t\t\t\t\t\t<section class=\"elementor-section elementor-inner-section elementor-element elementor-element-1d639727 elementor-section-boxed elementor-section-height-default elementor-section-height-default\" data-id=\"1d639727\" data-element_type=\"section\">\n\t\t\t\t\t\t<div class=\"elementor-container elementor-column-gap-default\">\n\t\t\t\t\t<div class=\"elementor-column elementor-col-50 elementor-inner-column elementor-element elementor-element-741c990a elementor-invisible\" data-id=\"741c990a\" data-element_type=\"column\" data-settings=\"{&quot;animation&quot;:&quot;fadeInUp&quot;,&quot;animation_delay&quot;:200}\">\n\t\t\t<div class=\"elementor-widget-wrap elementor-element-populated\">\n\t\t\t\t\t\t<div class=\"elementor-element elementor-element-c9765d3 elementor-widget__width-initial elementor-widget elementor-widget-text-editor\" data-id=\"c9765d3\" data-element_type=\"widget\" data-widget_type=\"text-editor.default\">\n\t\t\t\t<div class=\"elementor-widget-container\">\n\t\t\t\t\t\t\t\t\t<p>We provide you with our expertise in the assessment, design and implementation of your systems in accordance with international standards.<\/p>\n<p>This approach helps develop an organizational culture that adapts quickly to environmental changes.<\/p>\n<p>We work alongside you on the following structuring projects:<\/p>\n<ul>\n<li>Strengthening Corporate Governance;<\/li>\n<li>Programme de conseil en conformit\u00e9 r\u00e8glementaire et l\u00e9gale ;<\/li>\n<li>Mise en place d&rsquo;un dispositif de gestion des risques ;<\/li>\n<li>Mise en place d&rsquo;un dispositif de protection des donn\u00e9es (RGPD) ;&nbsp;<\/li>\n<li>Cartographie des risques de blanchiment d&rsquo;argent et de financement du terrorisme.&nbsp;<\/li>\n<\/ul>\t\t\t\t\t\t\t\t<\/div>\n\t\t\t\t<\/div>\n\t\t\t\t\t<\/div>\n\t\t<\/div>\n\t\t\t\t<div class=\"elementor-column elementor-col-50 elementor-inner-column elementor-element elementor-element-9e8e9b1 elementor-invisible\" data-id=\"9e8e9b1\" data-element_type=\"column\" data-settings=\"{&quot;animation&quot;:&quot;fadeInUp&quot;,&quot;animation_delay&quot;:250,&quot;background_background&quot;:&quot;classic&quot;}\">\n\t\t\t<div class=\"elementor-widget-wrap elementor-element-populated\">\n\t\t\t\t\t\t<div class=\"elementor-element elementor-element-21e764a elementor-widget elementor-widget-image\" data-id=\"21e764a\" data-element_type=\"widget\" data-widget_type=\"image.default\">\n\t\t\t\t<div class=\"elementor-widget-container\">\n\t\t\t\t\t\t\t\t\t\t\t\t\t\t\t<img decoding=\"async\" width=\"800\" height=\"525\" src=\"https:\/\/foris-consulting.com\/wp-content\/uploads\/2024\/07\/smart-law-legal-advice-icons-astute-lawyer-working-tools-lawyers-office-1-1024x672.jpg\" class=\"attachment-large size-large wp-image-5390\" alt=\"\" srcset=\"https:\/\/foris-consulting.com\/wp-content\/uploads\/2024\/07\/smart-law-legal-advice-icons-astute-lawyer-working-tools-lawyers-office-1-1024x672.jpg 1024w, https:\/\/foris-consulting.com\/wp-content\/uploads\/2024\/07\/smart-law-legal-advice-icons-astute-lawyer-working-tools-lawyers-office-1-300x197.jpg 300w, https:\/\/foris-consulting.com\/wp-content\/uploads\/2024\/07\/smart-law-legal-advice-icons-astute-lawyer-working-tools-lawyers-office-1-768x504.jpg 768w, https:\/\/foris-consulting.com\/wp-content\/uploads\/2024\/07\/smart-law-legal-advice-icons-astute-lawyer-working-tools-lawyers-office-1-1536x1008.jpg 1536w, https:\/\/foris-consulting.com\/wp-content\/uploads\/2024\/07\/smart-law-legal-advice-icons-astute-lawyer-working-tools-lawyers-office-1-2048x1345.jpg 2048w\" sizes=\"(max-width: 800px) 100vw, 800px\" \/>\t\t\t\t\t\t\t\t\t\t\t\t\t\t\t<\/div>\n\t\t\t\t<\/div>\n\t\t\t\t\t<\/div>\n\t\t<\/div>\n\t\t\t\t\t<\/div>\n\t\t<\/section>\n\t\t\t\t\t<\/div>\n\t\t<\/div>\n\t\t\t\t\t<\/div>\n\t\t<\/section>\n\t\t\t\t<\/div>","protected":false},"excerpt":{"rendered":"<p>NOS POLES DE COMPETENCES Governance, Risk et Compliance Nous mettons \u00e0 votre disposition notre expertise dans l\u2019\u00e9valuation, le design et le d\u00e9ploiement de vos dispositifs conform\u00e9ment aux standards internationaux. Cette approche permet de d\u00e9velopper une culture d\u2019organisation qui s\u2019adapte rapidement aux changements environnementaux. Nous travaillons \u00e0 vos c\u00f4t\u00e9s sur les projets structurants suivants : Renforcement [&hellip;]<\/p>","protected":false},"author":1,"featured_media":0,"parent":0,"menu_order":0,"comment_status":"closed","ping_status":"closed","template":"","meta":{"footnotes":""},"class_list":["post-236","page","type-page","status-publish","hentry"],"yoast_head":"<!-- This site is optimized with the Yoast SEO plugin v25.4 - https:\/\/yoast.com\/wordpress\/plugins\/seo\/ -->\n<title>GRC - foris<\/title>\n<meta name=\"robots\" content=\"index, follow, max-snippet:-1, max-image-preview:large, max-video-preview:-1\" \/>\n<link rel=\"canonical\" href=\"https:\/\/foris-consulting.com\/en\/grc\/\" \/>\n<meta property=\"og:locale\" content=\"en_US\" \/>\n<meta property=\"og:type\" content=\"article\" \/>\n<meta property=\"og:title\" content=\"GRC - foris\" \/>\n<meta property=\"og:description\" content=\"NOS POLES DE COMPETENCES Governance, Risk et Compliance Nous mettons \u00e0 votre disposition notre expertise dans l\u2019\u00e9valuation, le design et le d\u00e9ploiement de vos dispositifs conform\u00e9ment aux standards internationaux. Cette approche permet de d\u00e9velopper une culture d\u2019organisation qui s\u2019adapte rapidement aux changements environnementaux. Nous travaillons \u00e0 vos c\u00f4t\u00e9s sur les projets structurants suivants : Renforcement [&hellip;]\" \/>\n<meta property=\"og:url\" content=\"https:\/\/foris-consulting.com\/en\/grc\/\" \/>\n<meta property=\"og:site_name\" content=\"foris\" \/>\n<meta property=\"article:modified_time\" content=\"2024-09-27T16:43:37+00:00\" \/>\n<meta property=\"og:image\" content=\"https:\/\/foris-consulting.com\/wp-content\/uploads\/2024\/06\/iconneee-1.png\" \/>\n<meta name=\"twitter:card\" content=\"summary_large_image\" \/>\n<meta name=\"twitter:label1\" content=\"Est. reading time\" \/>\n\t<meta name=\"twitter:data1\" content=\"1 minute\" \/>\n<script type=\"application\/ld+json\" class=\"yoast-schema-graph\">{\"@context\":\"https:\/\/schema.org\",\"@graph\":[{\"@type\":\"WebPage\",\"@id\":\"https:\/\/foris-consulting.com\/grc\/\",\"url\":\"https:\/\/foris-consulting.com\/grc\/\",\"name\":\"GRC - foris\",\"isPartOf\":{\"@id\":\"https:\/\/foris-consulting.com\/#website\"},\"primaryImageOfPage\":{\"@id\":\"https:\/\/foris-consulting.com\/grc\/#primaryimage\"},\"image\":{\"@id\":\"https:\/\/foris-consulting.com\/grc\/#primaryimage\"},\"thumbnailUrl\":\"https:\/\/foris-consulting.com\/wp-content\/uploads\/2024\/06\/iconneee-1.png\",\"datePublished\":\"2024-05-12T14:50:01+00:00\",\"dateModified\":\"2024-09-27T16:43:37+00:00\",\"breadcrumb\":{\"@id\":\"https:\/\/foris-consulting.com\/grc\/#breadcrumb\"},\"inLanguage\":\"en-US\",\"potentialAction\":[{\"@type\":\"ReadAction\",\"target\":[\"https:\/\/foris-consulting.com\/grc\/\"]}]},{\"@type\":\"ImageObject\",\"inLanguage\":\"en-US\",\"@id\":\"https:\/\/foris-consulting.com\/grc\/#primaryimage\",\"url\":\"https:\/\/foris-consulting.com\/wp-content\/uploads\/2024\/06\/iconneee-1.png\",\"contentUrl\":\"https:\/\/foris-consulting.com\/wp-content\/uploads\/2024\/06\/iconneee-1.png\"},{\"@type\":\"BreadcrumbList\",\"@id\":\"https:\/\/foris-consulting.com\/grc\/#breadcrumb\",\"itemListElement\":[{\"@type\":\"ListItem\",\"position\":1,\"name\":\"Accueil\",\"item\":\"https:\/\/foris-consulting.com\/\"},{\"@type\":\"ListItem\",\"position\":2,\"name\":\"GRC\"}]},{\"@type\":\"WebSite\",\"@id\":\"https:\/\/foris-consulting.com\/#website\",\"url\":\"https:\/\/foris-consulting.com\/\",\"name\":\"foris\",\"description\":\"FORIS : Leading solutions, not just assessments\",\"potentialAction\":[{\"@type\":\"SearchAction\",\"target\":{\"@type\":\"EntryPoint\",\"urlTemplate\":\"https:\/\/foris-consulting.com\/?s={search_term_string}\"},\"query-input\":{\"@type\":\"PropertyValueSpecification\",\"valueRequired\":true,\"valueName\":\"search_term_string\"}}],\"inLanguage\":\"en-US\"}]}<\/script>\n<!-- \/ Yoast SEO plugin. -->","yoast_head_json":{"title":"GRC - foris","robots":{"index":"index","follow":"follow","max-snippet":"max-snippet:-1","max-image-preview":"max-image-preview:large","max-video-preview":"max-video-preview:-1"},"canonical":"https:\/\/foris-consulting.com\/en\/grc\/","og_locale":"en_US","og_type":"article","og_title":"GRC - foris","og_description":"NOS POLES DE COMPETENCES Governance, Risk et Compliance Nous mettons \u00e0 votre disposition notre expertise dans l\u2019\u00e9valuation, le design et le d\u00e9ploiement de vos dispositifs conform\u00e9ment aux standards internationaux. Cette approche permet de d\u00e9velopper une culture d\u2019organisation qui s\u2019adapte rapidement aux changements environnementaux. Nous travaillons \u00e0 vos c\u00f4t\u00e9s sur les projets structurants suivants : Renforcement [&hellip;]","og_url":"https:\/\/foris-consulting.com\/en\/grc\/","og_site_name":"foris","article_modified_time":"2024-09-27T16:43:37+00:00","og_image":[{"url":"https:\/\/foris-consulting.com\/wp-content\/uploads\/2024\/06\/iconneee-1.png","type":"","width":"","height":""}],"twitter_card":"summary_large_image","twitter_misc":{"Est. reading time":"1 minute"},"schema":{"@context":"https:\/\/schema.org","@graph":[{"@type":"WebPage","@id":"https:\/\/foris-consulting.com\/grc\/","url":"https:\/\/foris-consulting.com\/grc\/","name":"GRC - foris","isPartOf":{"@id":"https:\/\/foris-consulting.com\/#website"},"primaryImageOfPage":{"@id":"https:\/\/foris-consulting.com\/grc\/#primaryimage"},"image":{"@id":"https:\/\/foris-consulting.com\/grc\/#primaryimage"},"thumbnailUrl":"https:\/\/foris-consulting.com\/wp-content\/uploads\/2024\/06\/iconneee-1.png","datePublished":"2024-05-12T14:50:01+00:00","dateModified":"2024-09-27T16:43:37+00:00","breadcrumb":{"@id":"https:\/\/foris-consulting.com\/grc\/#breadcrumb"},"inLanguage":"en-US","potentialAction":[{"@type":"ReadAction","target":["https:\/\/foris-consulting.com\/grc\/"]}]},{"@type":"ImageObject","inLanguage":"en-US","@id":"https:\/\/foris-consulting.com\/grc\/#primaryimage","url":"https:\/\/foris-consulting.com\/wp-content\/uploads\/2024\/06\/iconneee-1.png","contentUrl":"https:\/\/foris-consulting.com\/wp-content\/uploads\/2024\/06\/iconneee-1.png"},{"@type":"BreadcrumbList","@id":"https:\/\/foris-consulting.com\/grc\/#breadcrumb","itemListElement":[{"@type":"ListItem","position":1,"name":"Accueil","item":"https:\/\/foris-consulting.com\/"},{"@type":"ListItem","position":2,"name":"GRC"}]},{"@type":"WebSite","@id":"https:\/\/foris-consulting.com\/#website","url":"https:\/\/foris-consulting.com\/","name":"foris","description":"FORIS : Leading solutions, not just assessments","potentialAction":[{"@type":"SearchAction","target":{"@type":"EntryPoint","urlTemplate":"https:\/\/foris-consulting.com\/?s={search_term_string}"},"query-input":{"@type":"PropertyValueSpecification","valueRequired":true,"valueName":"search_term_string"}}],"inLanguage":"en-US"}]}},"_links":{"self":[{"href":"https:\/\/foris-consulting.com\/en\/wp-json\/wp\/v2\/pages\/236","targetHints":{"allow":["GET"]}}],"collection":[{"href":"https:\/\/foris-consulting.com\/en\/wp-json\/wp\/v2\/pages"}],"about":[{"href":"https:\/\/foris-consulting.com\/en\/wp-json\/wp\/v2\/types\/page"}],"author":[{"embeddable":true,"href":"https:\/\/foris-consulting.com\/en\/wp-json\/wp\/v2\/users\/1"}],"replies":[{"embeddable":true,"href":"https:\/\/foris-consulting.com\/en\/wp-json\/wp\/v2\/comments?post=236"}],"version-history":[{"count":10,"href":"https:\/\/foris-consulting.com\/en\/wp-json\/wp\/v2\/pages\/236\/revisions"}],"predecessor-version":[{"id":8403,"href":"https:\/\/foris-consulting.com\/en\/wp-json\/wp\/v2\/pages\/236\/revisions\/8403"}],"wp:attachment":[{"href":"https:\/\/foris-consulting.com\/en\/wp-json\/wp\/v2\/media?parent=236"}],"curies":[{"name":"wp","href":"https:\/\/api.w.org\/{rel}","templated":true}]}}