{"id":1534,"date":"2024-06-08T15:22:41","date_gmt":"2024-06-08T13:22:41","guid":{"rendered":"https:\/\/foris-consulting.com\/?page_id=1534"},"modified":"2024-09-30T14:09:05","modified_gmt":"2024-09-30T12:09:05","slug":"annonce2","status":"publish","type":"page","link":"https:\/\/foris-consulting.com\/en\/annonce2\/","title":{"rendered":"annonce2"},"content":{"rendered":"<div data-elementor-type=\"wp-page\" data-elementor-id=\"1534\" class=\"elementor elementor-1534\" data-elementor-post-type=\"page\">\n\t\t\t\t<div class=\"elementor-element elementor-element-143178e7 e-flex e-con-boxed e-con e-parent\" data-id=\"143178e7\" data-element_type=\"container\">\n\t\t\t\t\t<div class=\"e-con-inner\">\n\t\t\t\t<div class=\"elementor-element elementor-element-2d620e9f elementor-widget elementor-widget-text-editor\" data-id=\"2d620e9f\" data-element_type=\"widget\" data-widget_type=\"text-editor.default\">\n\t\t\t\t<div class=\"elementor-widget-container\">\n\t\t\t\t\t\t\t\t\t<p><\/p>\n<h2>R\u00e9f\u00e9rence : #FORISREC136<\/h2>\n<p><b>FORIS recrute des consultants confirm\u00e9s<\/b><b>&nbsp;en Finance\/Risk\/CCA:<\/b><\/p>\n<p><b>&nbsp;<\/b><\/p>\n<p>Dans le cadre du d\u00e9veloppement de son activit\u00e9, FORIS recherche des Consultants juniors sp\u00e9cialis\u00e9s en Finance, CCA (Comptabilit\u00e9, Contr\u00f4le, Audit)&nbsp; ou Risk.<br>Vous aurez l&rsquo;opportunit\u00e9 de travailler avec une \u00e9quipe pluridisciplinaire sur des missions d\u2019audit et de conseil financier \/ risk de diff\u00e9rentes natures :<\/p>\n<p>+ Conseil et mise en place de syst\u00e8mes de gestion des risques \/ fraude \/ anti-corruption ;<u><\/u><u><\/u><\/p>\n<p>+ Mise en place et ing\u00e9nierie de financement structur\u00e9s ;<br>+ Audit de dispositif de management des risques \/ lutte contre le blanchiment d&rsquo;argent et le financement du terrorisme ;<br>+ Mise en place de dispositifs ERM.<\/p>\n<p>Votre profil :<\/p>\n<p>Dipl\u00f4m\u00e9(e) d&rsquo;une grande \u00e9cole d&rsquo;ing\u00e9nieurs ou de management (IHEC,TBS, ENIT, ISG, Dauphine, ESSEC ou \u00e9quivalent), vous \u00eates titulaire d&rsquo;un Master en finance, risk management, audit ou banque \/assurance.<u><\/u><u><\/u><\/p>\n<p>+ Enthousiaste, dynamique, rigoureux(se), vous avez une force d\u2019adaptation et vous aimez travailler en \u00e9quipe.<br>+ Votre sens de l&rsquo;analyse, votre esprit critique et votre aisance relationnelle font de vous quelqu&rsquo;un capable de s&rsquo;adapter aux diff\u00e9rentes situations.<br>+ Vous maitrisez parfaitement la langue fran\u00e7aise avec un bon niveau d&rsquo;anglais.<br>+ Vous \u00eates \u00e9ligibles au contrat CIVP.<u><\/u><u><\/u><\/p>\n<p>+ Parfaite ma\u00eetrise des outils bureautiques (Powerpoint et Excel).<br>+ Vous disposez d&rsquo;un stage au minimum au sein d&rsquo;une entit\u00e9 financi\u00e8re (banque, assurance, interm\u00e9diaire en bourse ou \u00e9quivalent)<u><\/u><u><\/u><\/p>\n<p>+ Une certification dans le domaine de la finance et la gestion des risques serait un plus (CFA, CIA, FMVA, FRM, PRM),<\/p>\n<p>Poste bas\u00e9 \u00e0 Tunis avec des d\u00e9placements potentiels \u00e0 pourvoir en Afrique, Moyen-Orient et Europe.<\/p>\n<p>Merci d&rsquo;adresser vos candidatures \u00e0 l&rsquo;adresse suivante :&nbsp;<a href=\"mailto:rh@foris-consulting.com\" target=\"_blank\" rel=\"noopener\">rh@foris-consulting.com<\/a>&nbsp;en mentionnant la r\u00e9f\u00e9rence #FORISREC136.<u><\/u><u><\/u><\/p>\n<p><u><\/u>&nbsp;<\/p>\t\t\t\t\t\t\t\t<\/div>\n\t\t\t\t<\/div>\n\t\t\t\t\t<\/div>\n\t\t\t\t<\/div>\n\t\t\t\t<\/div>","protected":false},"excerpt":{"rendered":"<p>R\u00e9f\u00e9rence : #FORISREC136 FORIS recrute des consultants confirm\u00e9s&nbsp;en Finance\/Risk\/CCA: &nbsp; Dans le cadre du d\u00e9veloppement de son activit\u00e9, FORIS recherche des Consultants juniors sp\u00e9cialis\u00e9s en Finance, CCA (Comptabilit\u00e9, Contr\u00f4le, Audit)&nbsp; ou Risk.Vous aurez l&rsquo;opportunit\u00e9 de travailler avec une \u00e9quipe pluridisciplinaire sur des missions d\u2019audit et de conseil financier \/ risk de diff\u00e9rentes natures : + [&hellip;]<\/p>","protected":false},"author":1,"featured_media":0,"parent":0,"menu_order":0,"comment_status":"closed","ping_status":"closed","template":"","meta":{"footnotes":""},"class_list":["post-1534","page","type-page","status-publish","hentry"],"yoast_head":"<!-- This site is optimized with the Yoast SEO plugin v25.4 - https:\/\/yoast.com\/wordpress\/plugins\/seo\/ -->\n<title>annonce2 - foris<\/title>\n<meta name=\"robots\" content=\"index, follow, max-snippet:-1, max-image-preview:large, max-video-preview:-1\" \/>\n<link rel=\"canonical\" href=\"https:\/\/foris-consulting.com\/en\/annonce2\/\" \/>\n<meta property=\"og:locale\" content=\"en_US\" \/>\n<meta property=\"og:type\" content=\"article\" \/>\n<meta property=\"og:title\" content=\"annonce2 - foris\" \/>\n<meta property=\"og:description\" content=\"R\u00e9f\u00e9rence : #FORISREC136 FORIS recrute des consultants confirm\u00e9s&nbsp;en Finance\/Risk\/CCA: &nbsp; Dans le cadre du d\u00e9veloppement de son activit\u00e9, FORIS recherche des Consultants juniors sp\u00e9cialis\u00e9s en Finance, CCA (Comptabilit\u00e9, Contr\u00f4le, Audit)&nbsp; ou Risk.Vous aurez l&rsquo;opportunit\u00e9 de travailler avec une \u00e9quipe pluridisciplinaire sur des missions d\u2019audit et de conseil financier \/ risk de diff\u00e9rentes natures : + [&hellip;]\" \/>\n<meta property=\"og:url\" content=\"https:\/\/foris-consulting.com\/en\/annonce2\/\" \/>\n<meta property=\"og:site_name\" content=\"foris\" \/>\n<meta property=\"article:modified_time\" content=\"2024-09-30T12:09:05+00:00\" \/>\n<meta name=\"twitter:card\" content=\"summary_large_image\" \/>\n<meta name=\"twitter:label1\" content=\"Est. reading time\" \/>\n\t<meta name=\"twitter:data1\" content=\"1 minute\" \/>\n<script type=\"application\/ld+json\" class=\"yoast-schema-graph\">{\"@context\":\"https:\/\/schema.org\",\"@graph\":[{\"@type\":\"WebPage\",\"@id\":\"https:\/\/foris-consulting.com\/annonce2\/\",\"url\":\"https:\/\/foris-consulting.com\/annonce2\/\",\"name\":\"annonce2 - foris\",\"isPartOf\":{\"@id\":\"https:\/\/foris-consulting.com\/#website\"},\"datePublished\":\"2024-06-08T13:22:41+00:00\",\"dateModified\":\"2024-09-30T12:09:05+00:00\",\"breadcrumb\":{\"@id\":\"https:\/\/foris-consulting.com\/annonce2\/#breadcrumb\"},\"inLanguage\":\"en-US\",\"potentialAction\":[{\"@type\":\"ReadAction\",\"target\":[\"https:\/\/foris-consulting.com\/annonce2\/\"]}]},{\"@type\":\"BreadcrumbList\",\"@id\":\"https:\/\/foris-consulting.com\/annonce2\/#breadcrumb\",\"itemListElement\":[{\"@type\":\"ListItem\",\"position\":1,\"name\":\"Accueil\",\"item\":\"https:\/\/foris-consulting.com\/\"},{\"@type\":\"ListItem\",\"position\":2,\"name\":\"annonce2\"}]},{\"@type\":\"WebSite\",\"@id\":\"https:\/\/foris-consulting.com\/#website\",\"url\":\"https:\/\/foris-consulting.com\/\",\"name\":\"foris\",\"description\":\"FORIS : Leading solutions, not just assessments\",\"potentialAction\":[{\"@type\":\"SearchAction\",\"target\":{\"@type\":\"EntryPoint\",\"urlTemplate\":\"https:\/\/foris-consulting.com\/?s={search_term_string}\"},\"query-input\":{\"@type\":\"PropertyValueSpecification\",\"valueRequired\":true,\"valueName\":\"search_term_string\"}}],\"inLanguage\":\"en-US\"}]}<\/script>\n<!-- \/ Yoast SEO plugin. -->","yoast_head_json":{"title":"annonce2 - foris","robots":{"index":"index","follow":"follow","max-snippet":"max-snippet:-1","max-image-preview":"max-image-preview:large","max-video-preview":"max-video-preview:-1"},"canonical":"https:\/\/foris-consulting.com\/en\/annonce2\/","og_locale":"en_US","og_type":"article","og_title":"annonce2 - foris","og_description":"R\u00e9f\u00e9rence : #FORISREC136 FORIS recrute des consultants confirm\u00e9s&nbsp;en Finance\/Risk\/CCA: &nbsp; Dans le cadre du d\u00e9veloppement de son activit\u00e9, FORIS recherche des Consultants juniors sp\u00e9cialis\u00e9s en Finance, CCA (Comptabilit\u00e9, Contr\u00f4le, Audit)&nbsp; ou Risk.Vous aurez l&rsquo;opportunit\u00e9 de travailler avec une \u00e9quipe pluridisciplinaire sur des missions d\u2019audit et de conseil financier \/ risk de diff\u00e9rentes natures : + [&hellip;]","og_url":"https:\/\/foris-consulting.com\/en\/annonce2\/","og_site_name":"foris","article_modified_time":"2024-09-30T12:09:05+00:00","twitter_card":"summary_large_image","twitter_misc":{"Est. reading time":"1 minute"},"schema":{"@context":"https:\/\/schema.org","@graph":[{"@type":"WebPage","@id":"https:\/\/foris-consulting.com\/annonce2\/","url":"https:\/\/foris-consulting.com\/annonce2\/","name":"annonce2 - foris","isPartOf":{"@id":"https:\/\/foris-consulting.com\/#website"},"datePublished":"2024-06-08T13:22:41+00:00","dateModified":"2024-09-30T12:09:05+00:00","breadcrumb":{"@id":"https:\/\/foris-consulting.com\/annonce2\/#breadcrumb"},"inLanguage":"en-US","potentialAction":[{"@type":"ReadAction","target":["https:\/\/foris-consulting.com\/annonce2\/"]}]},{"@type":"BreadcrumbList","@id":"https:\/\/foris-consulting.com\/annonce2\/#breadcrumb","itemListElement":[{"@type":"ListItem","position":1,"name":"Accueil","item":"https:\/\/foris-consulting.com\/"},{"@type":"ListItem","position":2,"name":"annonce2"}]},{"@type":"WebSite","@id":"https:\/\/foris-consulting.com\/#website","url":"https:\/\/foris-consulting.com\/","name":"foris","description":"FORIS : Leading solutions, not just assessments","potentialAction":[{"@type":"SearchAction","target":{"@type":"EntryPoint","urlTemplate":"https:\/\/foris-consulting.com\/?s={search_term_string}"},"query-input":{"@type":"PropertyValueSpecification","valueRequired":true,"valueName":"search_term_string"}}],"inLanguage":"en-US"}]}},"_links":{"self":[{"href":"https:\/\/foris-consulting.com\/en\/wp-json\/wp\/v2\/pages\/1534","targetHints":{"allow":["GET"]}}],"collection":[{"href":"https:\/\/foris-consulting.com\/en\/wp-json\/wp\/v2\/pages"}],"about":[{"href":"https:\/\/foris-consulting.com\/en\/wp-json\/wp\/v2\/types\/page"}],"author":[{"embeddable":true,"href":"https:\/\/foris-consulting.com\/en\/wp-json\/wp\/v2\/users\/1"}],"replies":[{"embeddable":true,"href":"https:\/\/foris-consulting.com\/en\/wp-json\/wp\/v2\/comments?post=1534"}],"version-history":[{"count":3,"href":"https:\/\/foris-consulting.com\/en\/wp-json\/wp\/v2\/pages\/1534\/revisions"}],"predecessor-version":[{"id":8410,"href":"https:\/\/foris-consulting.com\/en\/wp-json\/wp\/v2\/pages\/1534\/revisions\/8410"}],"wp:attachment":[{"href":"https:\/\/foris-consulting.com\/en\/wp-json\/wp\/v2\/media?parent=1534"}],"curies":[{"name":"wp","href":"https:\/\/api.w.org\/{rel}","templated":true}]}}