{"id":1529,"date":"2024-06-08T15:17:14","date_gmt":"2024-06-08T13:17:14","guid":{"rendered":"https:\/\/foris-consulting.com\/?page_id=1529"},"modified":"2026-01-14T11:52:40","modified_gmt":"2026-01-14T10:52:40","slug":"annonce3","status":"publish","type":"page","link":"https:\/\/foris-consulting.com\/en\/annonce3\/","title":{"rendered":"annonce3"},"content":{"rendered":"<div data-elementor-type=\"wp-page\" data-elementor-id=\"1529\" class=\"elementor elementor-1529\" data-elementor-post-type=\"page\">\n\t\t\t\t<div class=\"elementor-element elementor-element-d46b2cd e-flex e-con-boxed e-con e-parent\" data-id=\"d46b2cd\" data-element_type=\"container\">\n\t\t\t\t\t<div class=\"e-con-inner\">\n\t\t<div class=\"elementor-element elementor-element-9a78a20 e-flex e-con-boxed e-con e-child\" data-id=\"9a78a20\" data-element_type=\"container\" data-settings=\"{&quot;background_background&quot;:&quot;classic&quot;}\">\n\t\t\t\t\t<div class=\"e-con-inner\">\n\t\t<div class=\"elementor-element elementor-element-e5004c6 e-con-full e-flex e-con e-child\" data-id=\"e5004c6\" data-element_type=\"container\" data-settings=\"{&quot;background_background&quot;:&quot;classic&quot;}\">\n\t\t<div class=\"elementor-element elementor-element-7447261 e-con-full e-flex e-con e-child\" data-id=\"7447261\" data-element_type=\"container\">\n\t\t\t\t<div class=\"elementor-element elementor-element-d70bb28 animated-slow elementor-invisible elementor-widget elementor-widget-heading\" data-id=\"d70bb28\" data-element_type=\"widget\" data-settings=\"{&quot;_animation&quot;:&quot;slideInUp&quot;}\" data-widget_type=\"heading.default\">\n\t\t\t\t<div class=\"elementor-widget-container\">\n\t\t\t\t\t<h2 class=\"elementor-heading-title elementor-size-default\">R\u00e9f\u00e9rence : #FORISREC140\n\n<\/h2>\t\t\t\t<\/div>\n\t\t\t\t<\/div>\n\t\t\t\t<div class=\"elementor-element elementor-element-fba7d6b elementor-widget elementor-widget-text-editor\" data-id=\"fba7d6b\" data-element_type=\"widget\" data-widget_type=\"text-editor.default\">\n\t\t\t\t<div class=\"elementor-widget-container\">\n\t\t\t\t\t\t\t\t\t<p class=\"b519206b _0186eb02 _27d1b699 _16ba8600 caaa5083 _472c845a _319f4ddc _6b406107 _5f7d2e36\">FORIS recrute des Consultants Confirm\u00e9s en Finance \/ Risk \/ Audit !<b>:<\/b><\/p><p>Vous \u00eates passionn\u00e9(e) par la <strong>Finance<\/strong>, le <strong>Risk Management<\/strong> et l\u2019<strong>Audit<\/strong> ? Vous souhaitez \u00e9voluer dans un environnement stimulant et travailler sur des projets \u00e0 <strong>forte valeur ajout\u00e9e<\/strong> ?<\/p><p>\ud83d\udc49 <strong>Rejoignez FORIS et contribuez \u00e0 des missions strat\u00e9giques en Afrique, Moyen-Orient et Europe !<\/strong><\/p><p>\u00a0<\/p><p><strong>\u2705 Vos missions :<\/strong><\/p><p>\ud83d\udd0d \u00c9tudes de faisabilit\u00e9 &amp; market sizing<\/p><p>\ud83d\udcca Analyse financi\u00e8re de projets et \u00e9valuation de la capacit\u00e9 de financement<\/p><p>\ud83d\udca1 Structuration et ing\u00e9nierie de financements complexes<\/p><p>\ud83d\udee1 Mise en place de dispositifs de gestion des risques &amp; lutte contre le blanchiment d\u2019argent (AML\/CFT)<\/p><p>\ud83d\udcc8 D\u00e9ploiement de frameworks ERM (Enterprise Risk Management)<\/p><p>\u00a0<\/p><p><strong>\ud83c\udfaf Votre profil :<\/strong><\/p><p>\ud83c\udf93 Dipl\u00f4m\u00e9(e) d\u2019une grande \u00e9cole d\u2019ing\u00e9nieurs ou de management (IHEC, IFID, ENIT, ISG, Dauphine, ESSEC ou \u00e9quivalent)<\/p><p>\u2705 Exp\u00e9rience r\u00e9ussie de <strong>2 \u00e0 4 ans<\/strong> en cabinet d\u2019audit ou de conseil dans les domaines <strong>Finance \/ Audit \/ Risk Management<\/strong><\/p><p>\u2705 Excellentes <strong>comp\u00e9tences analytiques<\/strong>, esprit critique et aisance relationnelle<\/p><p>\u2705 Ma\u00eetrise parfaite du <strong>fran\u00e7ais<\/strong> et bon niveau <strong>d\u2019anglais<\/strong><\/p><p>\u2705 Ma\u00eetrise des outils bureautiques Office 365 (Excel, PowerPoint, Teams )<\/p><p>\u2795 Une certification (CAMS, FMVA, FRM, PRM) est un atout<\/p><p>\u00a0<\/p><p><strong>\ud83c\udf1f Nous vous offrons :<\/strong><\/p><p>\ud83d\udcb0 Un salaire comp\u00e9titif et avantages sociaux, incluant assurance maladie, cong\u00e9s pay\u00e9s et primes de performance<\/p><p>\ud83c\udf93 Formations continues &amp; d\u00e9veloppement de carri\u00e8re<\/p><p>\ud83c\udf0d Projets internationaux stimulants et complexes<\/p><p>\ud83e\udd1d Collaboration avec des experts m\u00e9tiers et sectoriels<\/p><p>\ud83d\udd50 Politique flexible \u00ab time remote \u00bb pour concilier vie pro &amp; perso<\/p><p>\ud83d\udcc8 Possibilit\u00e9s d\u2019\u00e9volution vers des postes \u00e0 responsabilit\u00e9<\/p><p>\u00a0<\/p><p>\ud83d\udce9 <strong>Envoyez votre candidature \u00e0 : rh@foris-consulting.com<\/strong> en indiquant <strong>la r\u00e9f\u00e9rence dans l&rsquo;objet : #FORISREC140<\/strong><\/p><p>\u26a0 <strong>NB : <\/strong>Les candidatures adress\u00e9es par tout autre moyen que le mailing ou le site web http:\/\/www.foris-consulting.com ne seront pas retenues.<\/p>\t\t\t\t\t\t\t\t<\/div>\n\t\t\t\t<\/div>\n\t\t\t\t<\/div>\n\t\t<div class=\"elementor-element elementor-element-78f7602 e-con-full e-flex e-con e-child\" data-id=\"78f7602\" data-element_type=\"container\">\n\t\t\t\t<div class=\"elementor-element elementor-element-3afb544 elementor-widget elementor-widget-button\" data-id=\"3afb544\" data-element_type=\"widget\" data-widget_type=\"button.default\">\n\t\t\t\t<div class=\"elementor-widget-container\">\n\t\t\t\t\t\t\t\t\t<div class=\"elementor-button-wrapper\">\n\t\t\t\t\t<a class=\"elementor-button elementor-button-link elementor-size-sm\" href=\"https:\/\/foris-consulting.com\/en\/postulez-des-maintenant\/\">\n\t\t\t\t\t\t<span class=\"elementor-button-content-wrapper\">\n\t\t\t\t\t\t\t\t\t<span class=\"elementor-button-text\">postulez<\/span>\n\t\t\t\t\t<\/span>\n\t\t\t\t\t<\/a>\n\t\t\t\t<\/div>\n\t\t\t\t\t\t\t\t<\/div>\n\t\t\t\t<\/div>\n\t\t\t\t<\/div>\n\t\t\t\t<\/div>\n\t\t\t\t\t<\/div>\n\t\t\t\t<\/div>\n\t\t\t\t\t<\/div>\n\t\t\t\t<\/div>\n\t\t\t\t<\/div>","protected":false},"excerpt":{"rendered":"<p>R\u00e9f\u00e9rence : #FORISREC140 FORIS recrute des Consultants Confirm\u00e9s en Finance \/ Risk \/ Audit !: Vous \u00eates passionn\u00e9(e) par la Finance, le Risk Management et l\u2019Audit ? Vous souhaitez \u00e9voluer dans un environnement stimulant et travailler sur des projets \u00e0 forte valeur ajout\u00e9e ? \ud83d\udc49 Rejoignez FORIS et contribuez \u00e0 des missions strat\u00e9giques en Afrique, [&hellip;]<\/p>","protected":false},"author":1,"featured_media":0,"parent":0,"menu_order":0,"comment_status":"closed","ping_status":"closed","template":"","meta":{"footnotes":""},"class_list":["post-1529","page","type-page","status-publish","hentry"],"yoast_head":"<!-- This site is optimized with the Yoast SEO plugin v25.4 - https:\/\/yoast.com\/wordpress\/plugins\/seo\/ -->\n<title>annonce3 - foris<\/title>\n<meta name=\"robots\" content=\"index, follow, max-snippet:-1, max-image-preview:large, max-video-preview:-1\" \/>\n<link rel=\"canonical\" href=\"https:\/\/foris-consulting.com\/en\/annonce3\/\" \/>\n<meta property=\"og:locale\" content=\"en_US\" \/>\n<meta property=\"og:type\" content=\"article\" \/>\n<meta property=\"og:title\" content=\"annonce3 - foris\" \/>\n<meta property=\"og:description\" content=\"R\u00e9f\u00e9rence : #FORISREC140 FORIS recrute des Consultants Confirm\u00e9s en Finance \/ Risk \/ Audit !: Vous \u00eates passionn\u00e9(e) par la Finance, le Risk Management et l\u2019Audit ? Vous souhaitez \u00e9voluer dans un environnement stimulant et travailler sur des projets \u00e0 forte valeur ajout\u00e9e ? \ud83d\udc49 Rejoignez FORIS et contribuez \u00e0 des missions strat\u00e9giques en Afrique, [&hellip;]\" \/>\n<meta property=\"og:url\" content=\"https:\/\/foris-consulting.com\/en\/annonce3\/\" \/>\n<meta property=\"og:site_name\" content=\"foris\" \/>\n<meta property=\"article:modified_time\" content=\"2026-01-14T10:52:40+00:00\" \/>\n<meta name=\"twitter:card\" content=\"summary_large_image\" \/>\n<meta name=\"twitter:label1\" content=\"Est. reading time\" \/>\n\t<meta name=\"twitter:data1\" content=\"6 minutes\" \/>\n<script type=\"application\/ld+json\" class=\"yoast-schema-graph\">{\"@context\":\"https:\/\/schema.org\",\"@graph\":[{\"@type\":\"WebPage\",\"@id\":\"https:\/\/foris-consulting.com\/annonce3\/\",\"url\":\"https:\/\/foris-consulting.com\/annonce3\/\",\"name\":\"annonce3 - foris\",\"isPartOf\":{\"@id\":\"https:\/\/foris-consulting.com\/#website\"},\"datePublished\":\"2024-06-08T13:17:14+00:00\",\"dateModified\":\"2026-01-14T10:52:40+00:00\",\"breadcrumb\":{\"@id\":\"https:\/\/foris-consulting.com\/annonce3\/#breadcrumb\"},\"inLanguage\":\"en-US\",\"potentialAction\":[{\"@type\":\"ReadAction\",\"target\":[\"https:\/\/foris-consulting.com\/annonce3\/\"]}]},{\"@type\":\"BreadcrumbList\",\"@id\":\"https:\/\/foris-consulting.com\/annonce3\/#breadcrumb\",\"itemListElement\":[{\"@type\":\"ListItem\",\"position\":1,\"name\":\"Accueil\",\"item\":\"https:\/\/foris-consulting.com\/\"},{\"@type\":\"ListItem\",\"position\":2,\"name\":\"annonce3\"}]},{\"@type\":\"WebSite\",\"@id\":\"https:\/\/foris-consulting.com\/#website\",\"url\":\"https:\/\/foris-consulting.com\/\",\"name\":\"foris\",\"description\":\"FORIS : Leading solutions, not just assessments\",\"potentialAction\":[{\"@type\":\"SearchAction\",\"target\":{\"@type\":\"EntryPoint\",\"urlTemplate\":\"https:\/\/foris-consulting.com\/?s={search_term_string}\"},\"query-input\":{\"@type\":\"PropertyValueSpecification\",\"valueRequired\":true,\"valueName\":\"search_term_string\"}}],\"inLanguage\":\"en-US\"}]}<\/script>\n<!-- \/ Yoast SEO plugin. -->","yoast_head_json":{"title":"annonce3 - foris","robots":{"index":"index","follow":"follow","max-snippet":"max-snippet:-1","max-image-preview":"max-image-preview:large","max-video-preview":"max-video-preview:-1"},"canonical":"https:\/\/foris-consulting.com\/en\/annonce3\/","og_locale":"en_US","og_type":"article","og_title":"annonce3 - foris","og_description":"R\u00e9f\u00e9rence : #FORISREC140 FORIS recrute des Consultants Confirm\u00e9s en Finance \/ Risk \/ Audit !: Vous \u00eates passionn\u00e9(e) par la Finance, le Risk Management et l\u2019Audit ? Vous souhaitez \u00e9voluer dans un environnement stimulant et travailler sur des projets \u00e0 forte valeur ajout\u00e9e ? \ud83d\udc49 Rejoignez FORIS et contribuez \u00e0 des missions strat\u00e9giques en Afrique, [&hellip;]","og_url":"https:\/\/foris-consulting.com\/en\/annonce3\/","og_site_name":"foris","article_modified_time":"2026-01-14T10:52:40+00:00","twitter_card":"summary_large_image","twitter_misc":{"Est. reading time":"6 minutes"},"schema":{"@context":"https:\/\/schema.org","@graph":[{"@type":"WebPage","@id":"https:\/\/foris-consulting.com\/annonce3\/","url":"https:\/\/foris-consulting.com\/annonce3\/","name":"annonce3 - foris","isPartOf":{"@id":"https:\/\/foris-consulting.com\/#website"},"datePublished":"2024-06-08T13:17:14+00:00","dateModified":"2026-01-14T10:52:40+00:00","breadcrumb":{"@id":"https:\/\/foris-consulting.com\/annonce3\/#breadcrumb"},"inLanguage":"en-US","potentialAction":[{"@type":"ReadAction","target":["https:\/\/foris-consulting.com\/annonce3\/"]}]},{"@type":"BreadcrumbList","@id":"https:\/\/foris-consulting.com\/annonce3\/#breadcrumb","itemListElement":[{"@type":"ListItem","position":1,"name":"Accueil","item":"https:\/\/foris-consulting.com\/"},{"@type":"ListItem","position":2,"name":"annonce3"}]},{"@type":"WebSite","@id":"https:\/\/foris-consulting.com\/#website","url":"https:\/\/foris-consulting.com\/","name":"foris","description":"FORIS : Leading solutions, not just assessments","potentialAction":[{"@type":"SearchAction","target":{"@type":"EntryPoint","urlTemplate":"https:\/\/foris-consulting.com\/?s={search_term_string}"},"query-input":{"@type":"PropertyValueSpecification","valueRequired":true,"valueName":"search_term_string"}}],"inLanguage":"en-US"}]}},"_links":{"self":[{"href":"https:\/\/foris-consulting.com\/en\/wp-json\/wp\/v2\/pages\/1529","targetHints":{"allow":["GET"]}}],"collection":[{"href":"https:\/\/foris-consulting.com\/en\/wp-json\/wp\/v2\/pages"}],"about":[{"href":"https:\/\/foris-consulting.com\/en\/wp-json\/wp\/v2\/types\/page"}],"author":[{"embeddable":true,"href":"https:\/\/foris-consulting.com\/en\/wp-json\/wp\/v2\/users\/1"}],"replies":[{"embeddable":true,"href":"https:\/\/foris-consulting.com\/en\/wp-json\/wp\/v2\/comments?post=1529"}],"version-history":[{"count":7,"href":"https:\/\/foris-consulting.com\/en\/wp-json\/wp\/v2\/pages\/1529\/revisions"}],"predecessor-version":[{"id":8721,"href":"https:\/\/foris-consulting.com\/en\/wp-json\/wp\/v2\/pages\/1529\/revisions\/8721"}],"wp:attachment":[{"href":"https:\/\/foris-consulting.com\/en\/wp-json\/wp\/v2\/media?parent=1529"}],"curies":[{"name":"wp","href":"https:\/\/api.w.org\/{rel}","templated":true}]}}