{"id":1196,"date":"2024-06-04T16:32:52","date_gmt":"2024-06-04T14:32:52","guid":{"rendered":"https:\/\/foris-consulting.com\/?page_id=1196"},"modified":"2024-09-10T16:09:59","modified_gmt":"2024-09-10T14:09:59","slug":"postulez-des-maintenant","status":"publish","type":"page","link":"https:\/\/foris-consulting.com\/en\/postulez-des-maintenant\/","title":{"rendered":"Apply now"},"content":{"rendered":"<div data-elementor-type=\"wp-page\" data-elementor-id=\"1196\" class=\"elementor elementor-1196\" data-elementor-post-type=\"page\">\n\t\t\t\t<div class=\"elementor-element elementor-element-5045d47 e-flex e-con-boxed e-con e-parent\" data-id=\"5045d47\" data-element_type=\"container\" data-settings=\"{&quot;background_background&quot;:&quot;classic&quot;}\">\n\t\t\t\t\t<div class=\"e-con-inner\">\n\t\t\t\t<div class=\"elementor-element elementor-element-ce2d021 elementor-widget elementor-widget-heading\" data-id=\"ce2d021\" data-element_type=\"widget\" data-widget_type=\"heading.default\">\n\t\t\t\t<div class=\"elementor-widget-container\">\n\t\t\t\t\t<h4 class=\"elementor-heading-title elementor-size-default\">YOUR APPLICATION<\/h4>\t\t\t\t<\/div>\n\t\t\t\t<\/div>\n\t\t\t\t\t<\/div>\n\t\t\t\t<\/div>\n\t\t<div class=\"elementor-element elementor-element-de9f6d1 e-flex e-con-boxed e-con e-parent\" data-id=\"de9f6d1\" data-element_type=\"container\">\n\t\t\t\t\t<div class=\"e-con-inner\">\n\t\t\t\t<div class=\"elementor-element elementor-element-723c67a elementor-widget elementor-widget-elementskit-contact-form7\" data-id=\"723c67a\" data-element_type=\"widget\" data-widget_type=\"elementskit-contact-form7.default\">\n\t\t\t\t<div class=\"elementor-widget-container\">\n\t\t\t\t\t<div class=\"ekit-wid-con\" ><div class=\"ekit-form\">\n<div class=\"wpcf7 no-js\" id=\"wpcf7-f2516-o1\" lang=\"fr-FR\" dir=\"ltr\" data-wpcf7-id=\"2516\">\n<div class=\"screen-reader-response\"><p role=\"status\" aria-live=\"polite\" aria-atomic=\"true\"><\/p> <ul><\/ul><\/div>\n<form action=\"\/en\/wp-json\/wp\/v2\/pages\/1196#wpcf7-f2516-o1\" method=\"post\" class=\"wpcf7-form init\" aria-label=\"Formulaire de contact\" enctype=\"multipart\/form-data\" novalidate=\"novalidate\" data-status=\"init\" data-trp-original-action=\"\/en\/wp-json\/wp\/v2\/pages\/1196#wpcf7-f2516-o1\">\n<fieldset class=\"hidden-fields-container\"><input type=\"hidden\" name=\"_wpcf7\" value=\"2516\" \/><input type=\"hidden\" name=\"_wpcf7_version\" value=\"6.1\" \/><input type=\"hidden\" name=\"_wpcf7_locale\" value=\"fr_FR\" \/><input type=\"hidden\" name=\"_wpcf7_unit_tag\" value=\"wpcf7-f2516-o1\" \/><input type=\"hidden\" name=\"_wpcf7_container_post\" value=\"0\" \/><input type=\"hidden\" name=\"_wpcf7_posted_data_hash\" value=\"\" \/><input type=\"hidden\" name=\"_wpcf7_recaptcha_response\" value=\"\" \/>\n<\/fieldset>\n<p><label><span class=\"wpcf7-form-control-wrap\" data-name=\"your-name\"><input size=\"40\" maxlength=\"400\" class=\"wpcf7-form-control wpcf7-text wpcf7-validates-as-required\" aria-required=\"true\" aria-invalid=\"false\" placeholder=\"Name\" value=\"\" type=\"text\" name=\"your-name\" \/><\/span><\/label><br \/>\n<label> <span class=\"wpcf7-form-control-wrap\" data-name=\"your-prenom\"><input size=\"40\" maxlength=\"400\" class=\"wpcf7-form-control wpcf7-text wpcf7-validates-as-required\" aria-required=\"true\" aria-invalid=\"false\" placeholder=\"Pr\u00e9nom\" value=\"\" type=\"text\" name=\"your-prenom\" \/><\/span> <\/label>\n<\/p>\n<p><label> <span class=\"wpcf7-form-control-wrap\" data-name=\"your-email\"><input size=\"40\" maxlength=\"400\" class=\"wpcf7-form-control wpcf7-email wpcf7-validates-as-required wpcf7-text wpcf7-validates-as-email\" aria-required=\"true\" aria-invalid=\"false\" placeholder=\"E-mail\" value=\"\" type=\"email\" name=\"your-email\" \/><\/span> <\/label><br \/>\n<label> <span class=\"wpcf7-form-control-wrap\" data-name=\"tel-326\"><input size=\"40\" maxlength=\"400\" class=\"wpcf7-form-control wpcf7-tel wpcf7-validates-as-required wpcf7-text wpcf7-validates-as-tel\" aria-required=\"true\" aria-invalid=\"false\" placeholder=\"Phone\" value=\"\" type=\"tel\" name=\"tel-326\" \/><\/span><\/label><br \/>\n<label> Job <span class=\"wpcf7-form-control-wrap\" data-name=\"your-browser\"><select class=\"wpcf7-form-control wpcf7-select wpcf7-validates-as-required\" aria-required=\"true\" aria-invalid=\"false\" name=\"your-browser\"><option value=\"Consultants confirm\u00e9s en Finance \/ Risk \/ Audit\">Consultants confirm\u00e9s en Finance \/ Risk \/ Audit<\/option><\/select><\/span><\/label><br \/>\n<label> Your CV <span class=\"wpcf7-form-control-wrap\" data-name=\"your-file\"><input size=\"40\" class=\"wpcf7-form-control wpcf7-file\" accept=\".pdf,.txt\" aria-invalid=\"false\" type=\"file\" name=\"your-file\" \/><\/span> <\/label><br \/>\n<span class=\"wpcf7-form-control-wrap\" data-name=\"acceptance-28\"><span class=\"wpcf7-form-control wpcf7-acceptance optional\"><span class=\"wpcf7-list-item\"><label><input type=\"checkbox\" name=\"acceptance-28\" value=\"1\" aria-invalid=\"false\" \/><span class=\"wpcf7-list-item-label\">Accord sur le traitement des donn\u00e9es : En soumettant ce formulaire, j'autorise FORIS \u00e0 conserver les donn\u00e9es transmises dans le cadre de ces processus de recrutement actuels et \u00e0 me contacter \u00e0 cette fin.<\/span><\/label><\/span><\/span><\/span>\n<\/p>\n<p><div id=\"cf7sr-6a0095b899630\" class=\"cf7sr-g-recaptcha\" data-theme=\"light\" data-type=\"image\" data-size=\"normal\" data-sitekey=\"6Leqy_kpAAAAAIBx2Vg1aRb83zJkV068vivtrJ0T\"><\/div><span class=\"wpcf7-form-control-wrap cf7sr-recaptcha\" data-name=\"cf7sr-recaptcha\"><input type=\"hidden\" name=\"cf7sr-recaptcha\" value=\"\" class=\"wpcf7-form-control\"><\/span><br \/>\n<input class=\"wpcf7-form-control wpcf7-submit has-spinner button\" type=\"submit\" value=\"Postulez !\" \/>\n<\/p><div class=\"wpcf7-response-output\" aria-hidden=\"true\"><\/div>\n<input type=\"hidden\" name=\"trp-form-language\" value=\"en\"\/><\/form>\n<\/div>\n<\/div><\/div>\t\t\t\t<\/div>\n\t\t\t\t<\/div>\n\t\t\t\t\t<\/div>\n\t\t\t\t<\/div>\n\t\t\t\t<\/div>","protected":false},"excerpt":{"rendered":"<p>VOTRE CANDIDATURE Poste &#8212;Veuillez choisir une option&#8212;Consultants confirm\u00e9s en Finance\/Risk\/CCAConsultants juniors en Finance\/Risk\/CCA Votre CV Accord sur le traitement des donn\u00e9es en soumettant ce formulaire ,j&rsquo;autorise FORIS \u00e0 conserver les donn\u00e9es transmises dans le cadre de ces processus de recrutement actuels et \u00e0 venir et \u00e0 me contacter \u00e0 cette fin<\/p>","protected":false},"author":1,"featured_media":0,"parent":0,"menu_order":0,"comment_status":"closed","ping_status":"closed","template":"","meta":{"footnotes":""},"class_list":["post-1196","page","type-page","status-publish","hentry"],"yoast_head":"<!-- This site is optimized with the Yoast SEO plugin v25.4 - https:\/\/yoast.com\/wordpress\/plugins\/seo\/ -->\n<title>Postulez d\u00e8s maintenant - foris<\/title>\n<meta name=\"robots\" content=\"index, follow, max-snippet:-1, max-image-preview:large, max-video-preview:-1\" \/>\n<link rel=\"canonical\" href=\"https:\/\/foris-consulting.com\/en\/postulez-des-maintenant\/\" \/>\n<meta property=\"og:locale\" content=\"en_US\" \/>\n<meta property=\"og:type\" content=\"article\" \/>\n<meta property=\"og:title\" content=\"Postulez d\u00e8s maintenant - foris\" \/>\n<meta property=\"og:description\" content=\"VOTRE CANDIDATURE Poste &#8212;Veuillez choisir une option&#8212;Consultants confirm\u00e9s en Finance\/Risk\/CCAConsultants juniors en Finance\/Risk\/CCA Votre CV Accord sur le traitement des donn\u00e9es en soumettant ce formulaire ,j&rsquo;autorise FORIS \u00e0 conserver les donn\u00e9es transmises dans le cadre de ces processus de recrutement actuels et \u00e0 venir et \u00e0 me contacter \u00e0 cette fin\" \/>\n<meta property=\"og:url\" content=\"https:\/\/foris-consulting.com\/en\/postulez-des-maintenant\/\" \/>\n<meta property=\"og:site_name\" content=\"foris\" \/>\n<meta property=\"article:modified_time\" content=\"2024-09-10T14:09:59+00:00\" \/>\n<meta name=\"twitter:card\" content=\"summary_large_image\" \/>\n<script type=\"application\/ld+json\" class=\"yoast-schema-graph\">{\"@context\":\"https:\/\/schema.org\",\"@graph\":[{\"@type\":\"WebPage\",\"@id\":\"https:\/\/foris-consulting.com\/postulez-des-maintenant\/\",\"url\":\"https:\/\/foris-consulting.com\/postulez-des-maintenant\/\",\"name\":\"Postulez d\u00e8s maintenant - foris\",\"isPartOf\":{\"@id\":\"https:\/\/foris-consulting.com\/#website\"},\"datePublished\":\"2024-06-04T14:32:52+00:00\",\"dateModified\":\"2024-09-10T14:09:59+00:00\",\"breadcrumb\":{\"@id\":\"https:\/\/foris-consulting.com\/postulez-des-maintenant\/#breadcrumb\"},\"inLanguage\":\"en-US\",\"potentialAction\":[{\"@type\":\"ReadAction\",\"target\":[\"https:\/\/foris-consulting.com\/postulez-des-maintenant\/\"]}]},{\"@type\":\"BreadcrumbList\",\"@id\":\"https:\/\/foris-consulting.com\/postulez-des-maintenant\/#breadcrumb\",\"itemListElement\":[{\"@type\":\"ListItem\",\"position\":1,\"name\":\"Accueil\",\"item\":\"https:\/\/foris-consulting.com\/\"},{\"@type\":\"ListItem\",\"position\":2,\"name\":\"Postulez d\u00e8s maintenant\"}]},{\"@type\":\"WebSite\",\"@id\":\"https:\/\/foris-consulting.com\/#website\",\"url\":\"https:\/\/foris-consulting.com\/\",\"name\":\"foris\",\"description\":\"FORIS : Leading solutions, not just assessments\",\"potentialAction\":[{\"@type\":\"SearchAction\",\"target\":{\"@type\":\"EntryPoint\",\"urlTemplate\":\"https:\/\/foris-consulting.com\/?s={search_term_string}\"},\"query-input\":{\"@type\":\"PropertyValueSpecification\",\"valueRequired\":true,\"valueName\":\"search_term_string\"}}],\"inLanguage\":\"en-US\"}]}<\/script>\n<!-- \/ Yoast SEO plugin. -->","yoast_head_json":{"title":"Postulez d\u00e8s maintenant - foris","robots":{"index":"index","follow":"follow","max-snippet":"max-snippet:-1","max-image-preview":"max-image-preview:large","max-video-preview":"max-video-preview:-1"},"canonical":"https:\/\/foris-consulting.com\/en\/postulez-des-maintenant\/","og_locale":"en_US","og_type":"article","og_title":"Postulez d\u00e8s maintenant - foris","og_description":"VOTRE CANDIDATURE Poste &#8212;Veuillez choisir une option&#8212;Consultants confirm\u00e9s en Finance\/Risk\/CCAConsultants juniors en Finance\/Risk\/CCA Votre CV Accord sur le traitement des donn\u00e9es en soumettant ce formulaire ,j&rsquo;autorise FORIS \u00e0 conserver les donn\u00e9es transmises dans le cadre de ces processus de recrutement actuels et \u00e0 venir et \u00e0 me contacter \u00e0 cette fin","og_url":"https:\/\/foris-consulting.com\/en\/postulez-des-maintenant\/","og_site_name":"foris","article_modified_time":"2024-09-10T14:09:59+00:00","twitter_card":"summary_large_image","schema":{"@context":"https:\/\/schema.org","@graph":[{"@type":"WebPage","@id":"https:\/\/foris-consulting.com\/postulez-des-maintenant\/","url":"https:\/\/foris-consulting.com\/postulez-des-maintenant\/","name":"Postulez d\u00e8s maintenant - foris","isPartOf":{"@id":"https:\/\/foris-consulting.com\/#website"},"datePublished":"2024-06-04T14:32:52+00:00","dateModified":"2024-09-10T14:09:59+00:00","breadcrumb":{"@id":"https:\/\/foris-consulting.com\/postulez-des-maintenant\/#breadcrumb"},"inLanguage":"en-US","potentialAction":[{"@type":"ReadAction","target":["https:\/\/foris-consulting.com\/postulez-des-maintenant\/"]}]},{"@type":"BreadcrumbList","@id":"https:\/\/foris-consulting.com\/postulez-des-maintenant\/#breadcrumb","itemListElement":[{"@type":"ListItem","position":1,"name":"Accueil","item":"https:\/\/foris-consulting.com\/"},{"@type":"ListItem","position":2,"name":"Postulez d\u00e8s maintenant"}]},{"@type":"WebSite","@id":"https:\/\/foris-consulting.com\/#website","url":"https:\/\/foris-consulting.com\/","name":"foris","description":"FORIS : Leading solutions, not just assessments","potentialAction":[{"@type":"SearchAction","target":{"@type":"EntryPoint","urlTemplate":"https:\/\/foris-consulting.com\/?s={search_term_string}"},"query-input":{"@type":"PropertyValueSpecification","valueRequired":true,"valueName":"search_term_string"}}],"inLanguage":"en-US"}]}},"_links":{"self":[{"href":"https:\/\/foris-consulting.com\/en\/wp-json\/wp\/v2\/pages\/1196","targetHints":{"allow":["GET"]}}],"collection":[{"href":"https:\/\/foris-consulting.com\/en\/wp-json\/wp\/v2\/pages"}],"about":[{"href":"https:\/\/foris-consulting.com\/en\/wp-json\/wp\/v2\/types\/page"}],"author":[{"embeddable":true,"href":"https:\/\/foris-consulting.com\/en\/wp-json\/wp\/v2\/users\/1"}],"replies":[{"embeddable":true,"href":"https:\/\/foris-consulting.com\/en\/wp-json\/wp\/v2\/comments?post=1196"}],"version-history":[{"count":1,"href":"https:\/\/foris-consulting.com\/en\/wp-json\/wp\/v2\/pages\/1196\/revisions"}],"predecessor-version":[{"id":8376,"href":"https:\/\/foris-consulting.com\/en\/wp-json\/wp\/v2\/pages\/1196\/revisions\/8376"}],"wp:attachment":[{"href":"https:\/\/foris-consulting.com\/en\/wp-json\/wp\/v2\/media?parent=1196"}],"curies":[{"name":"wp","href":"https:\/\/api.w.org\/{rel}","templated":true}]}}