{"id":1176,"date":"2024-06-04T15:31:42","date_gmt":"2024-06-04T13:31:42","guid":{"rendered":"https:\/\/foris-consulting.com\/?page_id=1176"},"modified":"2026-01-14T12:01:45","modified_gmt":"2026-01-14T11:01:45","slug":"offres-demploi","status":"publish","type":"page","link":"https:\/\/foris-consulting.com\/en\/offres-demploi\/","title":{"rendered":"Offres d&#8217;emploi"},"content":{"rendered":"<div data-elementor-type=\"wp-page\" data-elementor-id=\"1176\" class=\"elementor elementor-1176\" data-elementor-post-type=\"page\">\n\t\t\t\t\t\t<section class=\"elementor-section elementor-top-section elementor-element elementor-element-28d3454 elementor-section-height-min-height elementor-section-stretched elementor-section-items-bottom elementor-section-boxed elementor-section-height-default\" data-id=\"28d3454\" data-element_type=\"section\" data-settings=\"{&quot;background_background&quot;:&quot;classic&quot;,&quot;stretch_section&quot;:&quot;section-stretched&quot;}\">\n\t\t\t\t\t\t\t<div class=\"elementor-background-overlay\"><\/div>\n\t\t\t\t\t\t\t<div class=\"elementor-container elementor-column-gap-default\">\n\t\t\t\t\t<div class=\"elementor-column elementor-col-100 elementor-top-column elementor-element elementor-element-d95b588\" data-id=\"d95b588\" data-element_type=\"column\">\n\t\t\t<div class=\"elementor-widget-wrap elementor-element-populated\">\n\t\t\t\t\t\t<section class=\"elementor-section elementor-inner-section elementor-element elementor-element-bb6d909 elementor-section-boxed elementor-section-height-default elementor-section-height-default\" data-id=\"bb6d909\" data-element_type=\"section\">\n\t\t\t\t\t\t<div class=\"elementor-container elementor-column-gap-default\">\n\t\t\t\t\t<div class=\"elementor-column elementor-col-50 elementor-inner-column elementor-element elementor-element-40cab24\" data-id=\"40cab24\" data-element_type=\"column\" data-settings=\"{&quot;background_background&quot;:&quot;classic&quot;}\">\n\t\t\t<div class=\"elementor-widget-wrap elementor-element-populated\">\n\t\t\t\t\t\t<div class=\"elementor-element elementor-element-40dcf37 elementor-widget__width-auto elementor-widget-mobile__width-initial ekit-equal-height-disable elementor-widget elementor-widget-elementskit-icon-box\" data-id=\"40dcf37\" data-element_type=\"widget\" data-widget_type=\"elementskit-icon-box.default\">\n\t\t\t\t<div class=\"elementor-widget-container\">\n\t\t\t\t\t<div class=\"ekit-wid-con\" >        <!-- link opening -->\n                <a href=\"#\" class=\"ekit_global_links\">\n                <!-- end link opening -->\n\n        <div class=\"elementskit-infobox text-left text-left icon-lef-right-aligin elementor-animation- media\">\n                            <div class=\"elementskit-box-header\">\n                <div class=\"elementskit-info-box-icon text-center\">\n                    <img fetchpriority=\"high\" decoding=\"async\" width=\"361\" height=\"360\" src=\"https:\/\/foris-consulting.com\/wp-content\/uploads\/2024\/06\/iconneee-1.png\" class=\"attachment- size-\" alt=\"\" srcset=\"https:\/\/foris-consulting.com\/wp-content\/uploads\/2024\/06\/iconneee-1.png 361w, https:\/\/foris-consulting.com\/wp-content\/uploads\/2024\/06\/iconneee-1-300x300.png 300w, https:\/\/foris-consulting.com\/wp-content\/uploads\/2024\/06\/iconneee-1-150x150.png 150w\" sizes=\"(max-width: 361px) 100vw, 361px\" \/>                <\/div>\n          <\/div>\n                <div class=\"box-body\">\n                            <h4 class=\"elementskit-info-box-title\">\n                    careers                <\/h4>\n                                            <\/div>\n        \n        \n                <\/div>\n                <\/a>\n        <\/div>\t\t\t\t<\/div>\n\t\t\t\t<\/div>\n\t\t\t\t<div class=\"elementor-element elementor-element-26e4f24 elementor-widget__width-initial elementor-widget elementor-widget-heading\" data-id=\"26e4f24\" data-element_type=\"widget\" data-widget_type=\"heading.default\">\n\t\t\t\t<div class=\"elementor-widget-container\">\n\t\t\t\t\t<h2 class=\"elementor-heading-title elementor-size-default\"> Job offers<\/h2>\t\t\t\t<\/div>\n\t\t\t\t<\/div>\n\t\t\t\t\t<\/div>\n\t\t<\/div>\n\t\t\t\t<div class=\"elementor-column elementor-col-50 elementor-inner-column elementor-element elementor-element-03aff8c elementor-hidden-mobile\" data-id=\"03aff8c\" data-element_type=\"column\">\n\t\t\t<div class=\"elementor-widget-wrap\">\n\t\t\t\t\t\t\t<\/div>\n\t\t<\/div>\n\t\t\t\t\t<\/div>\n\t\t<\/section>\n\t\t\t\t\t<\/div>\n\t\t<\/div>\n\t\t\t\t\t<\/div>\n\t\t<\/section>\n\t\t\t\t<section class=\"elementor-section elementor-top-section elementor-element elementor-element-3c90ae3 elementor-section-boxed elementor-section-height-default elementor-section-height-default\" data-id=\"3c90ae3\" data-element_type=\"section\" data-settings=\"{&quot;background_background&quot;:&quot;classic&quot;}\">\n\t\t\t\t\t\t<div class=\"elementor-container elementor-column-gap-default\">\n\t\t\t\t\t<div class=\"elementor-column elementor-col-100 elementor-top-column elementor-element elementor-element-241ccc5\" data-id=\"241ccc5\" data-element_type=\"column\">\n\t\t\t<div class=\"elementor-widget-wrap elementor-element-populated\">\n\t\t\t\t\t\t<div class=\"elementor-element elementor-element-cc00726 elementor-widget__width-initial elementor-widget elementor-widget-heading\" data-id=\"cc00726\" data-element_type=\"widget\" data-widget_type=\"heading.default\">\n\t\t\t\t<div class=\"elementor-widget-container\">\n\t\t\t\t\t<h2 class=\"elementor-heading-title elementor-size-default\">Our job offers\n<\/h2>\t\t\t\t<\/div>\n\t\t\t\t<\/div>\n\t\t\t\t<section class=\"elementor-section elementor-inner-section elementor-element elementor-element-051b5e6 elementor-section-full_width elementor-section-height-default elementor-section-height-default\" data-id=\"051b5e6\" data-element_type=\"section\">\n\t\t\t\t\t\t<div class=\"elementor-container elementor-column-gap-default\">\n\t\t\t\t\t<div class=\"elementor-column elementor-col-50 elementor-inner-column elementor-element elementor-element-ab04065\" data-id=\"ab04065\" data-element_type=\"column\">\n\t\t\t<div class=\"elementor-widget-wrap elementor-element-populated\">\n\t\t\t\t\t\t<div class=\"elementor-element elementor-element-436417d elementor-widget elementor-widget-text-editor\" data-id=\"436417d\" data-element_type=\"widget\" data-widget_type=\"text-editor.default\">\n\t\t\t\t<div class=\"elementor-widget-container\">\n\t\t\t\t\t\t\t\t\t<p>Join FORIS for a dynamic, rewarding and international career.<\/p><p>Discover a stimulating, inclusive work environment focused on excellence.<\/p><p>Take on exciting challenges, develop your skills and be part of a committed and innovative team.<\/p><p>At FORIS, your potential is valued and your ambitions are supported. Join us today for an exceptional professional experience<\/p>\t\t\t\t\t\t\t\t<\/div>\n\t\t\t\t<\/div>\n\t\t\t\t\t<\/div>\n\t\t<\/div>\n\t\t\t\t<div class=\"elementor-column elementor-col-50 elementor-inner-column elementor-element elementor-element-194ccde\" data-id=\"194ccde\" data-element_type=\"column\">\n\t\t\t<div class=\"elementor-widget-wrap elementor-element-populated\">\n\t\t\t\t\t\t<div class=\"elementor-element elementor-element-0778d4b elementor-widget elementor-widget-image\" data-id=\"0778d4b\" data-element_type=\"widget\" data-widget_type=\"image.default\">\n\t\t\t\t<div class=\"elementor-widget-container\">\n\t\t\t\t\t\t\t\t\t\t\t\t\t\t\t<img decoding=\"async\" width=\"800\" height=\"504\" src=\"https:\/\/foris-consulting.com\/wp-content\/uploads\/2024\/06\/team-freelancers-standing-against-wall-with-map-world-it-2-1024x645.jpg\" class=\"attachment-large size-large wp-image-2591\" alt=\"\" srcset=\"https:\/\/foris-consulting.com\/wp-content\/uploads\/2024\/06\/team-freelancers-standing-against-wall-with-map-world-it-2-1024x645.jpg 1024w, https:\/\/foris-consulting.com\/wp-content\/uploads\/2024\/06\/team-freelancers-standing-against-wall-with-map-world-it-2-300x189.jpg 300w, https:\/\/foris-consulting.com\/wp-content\/uploads\/2024\/06\/team-freelancers-standing-against-wall-with-map-world-it-2-768x484.jpg 768w, https:\/\/foris-consulting.com\/wp-content\/uploads\/2024\/06\/team-freelancers-standing-against-wall-with-map-world-it-2-1536x968.jpg 1536w, https:\/\/foris-consulting.com\/wp-content\/uploads\/2024\/06\/team-freelancers-standing-against-wall-with-map-world-it-2-2048x1291.jpg 2048w\" sizes=\"(max-width: 800px) 100vw, 800px\" \/>\t\t\t\t\t\t\t\t\t\t\t\t\t\t\t<\/div>\n\t\t\t\t<\/div>\n\t\t\t\t\t<\/div>\n\t\t<\/div>\n\t\t\t\t\t<\/div>\n\t\t<\/section>\n\t\t\t\t\t<\/div>\n\t\t<\/div>\n\t\t\t\t\t<\/div>\n\t\t<\/section>\n\t\t<div class=\"elementor-element elementor-element-c2e2a00 e-flex e-con-boxed e-con e-parent\" data-id=\"c2e2a00\" data-element_type=\"container\">\n\t\t\t\t\t<div class=\"e-con-inner\">\n\t\t<div class=\"elementor-element elementor-element-8134fe0 e-con-full e-flex e-con e-child\" data-id=\"8134fe0\" data-element_type=\"container\">\n\t\t\t\t<\/div>\n\t\t<div class=\"elementor-element elementor-element-119410a e-con-full e-flex e-con e-child\" data-id=\"119410a\" data-element_type=\"container\">\n\t\t\t\t<div class=\"elementor-element elementor-element-9acf532 elementor-widget__width-initial elementor-widget elementor-widget-heading\" data-id=\"9acf532\" data-element_type=\"widget\" data-widget_type=\"heading.default\">\n\t\t\t\t<div class=\"elementor-widget-container\">\n\t\t\t\t\t<h2 class=\"elementor-heading-title elementor-size-default\">Consultants Confirm\u00e9s en Finance \/ Risk \/ Audit !<\/h2>\t\t\t\t<\/div>\n\t\t\t\t<\/div>\n\t\t\t\t<div class=\"elementor-element elementor-element-41f9a7c elementor-widget elementor-widget-html\" data-id=\"41f9a7c\" data-element_type=\"widget\" data-widget_type=\"html.default\">\n\t\t\t\t<div class=\"elementor-widget-container\">\n\t\t\t\t\t<span class=\"badge-nouveau-wp\">Nouveau<\/span>\r\n\t\t\t\t<\/div>\n\t\t\t\t<\/div>\n\t\t\t\t<div class=\"elementor-element elementor-element-745bf39 elementor-widget elementor-widget-image\" data-id=\"745bf39\" data-element_type=\"widget\" data-widget_type=\"image.default\">\n\t\t\t\t<div class=\"elementor-widget-container\">\n\t\t\t\t\t\t\t\t\t\t\t\t\t\t\t<img decoding=\"async\" width=\"800\" height=\"534\" src=\"https:\/\/foris-consulting.com\/wp-content\/uploads\/2026\/01\/elegant-executives-reviewing-report-1024x683.jpg\" class=\"attachment-large size-large wp-image-8709\" alt=\"\" srcset=\"https:\/\/foris-consulting.com\/wp-content\/uploads\/2026\/01\/elegant-executives-reviewing-report-1024x683.jpg 1024w, https:\/\/foris-consulting.com\/wp-content\/uploads\/2026\/01\/elegant-executives-reviewing-report-300x200.jpg 300w, https:\/\/foris-consulting.com\/wp-content\/uploads\/2026\/01\/elegant-executives-reviewing-report-768x512.jpg 768w, https:\/\/foris-consulting.com\/wp-content\/uploads\/2026\/01\/elegant-executives-reviewing-report-1536x1024.jpg 1536w, https:\/\/foris-consulting.com\/wp-content\/uploads\/2026\/01\/elegant-executives-reviewing-report-2048x1365.jpg 2048w, https:\/\/foris-consulting.com\/wp-content\/uploads\/2026\/01\/elegant-executives-reviewing-report-18x12.jpg 18w\" sizes=\"(max-width: 800px) 100vw, 800px\" \/>\t\t\t\t\t\t\t\t\t\t\t\t\t\t\t<\/div>\n\t\t\t\t<\/div>\n\t\t\t\t<div class=\"elementor-element elementor-element-5aa8b7a elementor-widget elementor-widget-hfe-infocard\" data-id=\"5aa8b7a\" data-element_type=\"widget\" data-widget_type=\"hfe-infocard.default\">\n\t\t\t\t<div class=\"elementor-widget-container\">\n\t\t\t\t\t\n\t\t<div class=\"hfe-infocard\">\n\t\t\t\t\t\t\t\t\t<div class=\"hfe-infocard-text-wrap\">\n\t\t\t\t<div class=\"hfe-infocard-text elementor-inline-editing\" data-elementor-setting-key=\"infocard_description\" data-elementor-inline-editing-toolbar=\"advanced\">\n\t\t\t\t\tVous \u00eates passionn\u00e9(e) par la Finance, le Risk Management et l\u2019Audit ? Vous souhaitez \u00e9voluer dans un environnement stimulant et travailler sur des projets \u00e0 forte valeur ajout\u00e9e ?\n\n\ud83d\udc49 Rejoignez FORIS et contribuez \u00e0 des missions strat\u00e9giques en Afrique, Moyen-Orient et Europe !\t\t\t\t<\/div>\n\t\t\t\t\t\t\t<div class=\"hfe-button-wrapper elementor-widget-button\">\n\t\t\t\t<a href=\"https:\/\/foris-consulting.com\/en\/annonce3\/\" class=\"elementor-button-link elementor-button elementor-size-sm\">\n\t\t\t\t\t<span class=\"elementor-button-text elementor-inline-editing\"  data-elementor-setting-key=\"infocard_button_text\" data-elementor-inline-editing-toolbar=\"none\">Voir Plus<\/span>\n\t\t\t\t<\/a>\n\t\t\t<\/div>\n\t\t\t\t\t\t<\/div>\n\t\t<\/div>\n\n\t\t\t\t\t\t<\/div>\n\t\t\t\t<\/div>\n\t\t\t\t<\/div>\n\t\t<div class=\"elementor-element elementor-element-a2d7f66 e-con-full e-flex e-con e-child\" data-id=\"a2d7f66\" data-element_type=\"container\">\n\t\t\t\t<\/div>\n\t\t\t\t\t<\/div>\n\t\t\t\t<\/div>\n\t\t\t\t<\/div>","protected":false},"excerpt":{"rendered":"<p>carri\u00e8res Offres d&#8217;emploi Nos offres d&#8217;emploi Rejoignez FORIS pour une carri\u00e8re dynamique, enrichissante et internationale. D\u00e9couvrez un environnement de travail stimulant, inclusif et ax\u00e9 sur l&rsquo;excellence. Relevez des d\u00e9fis passionnants, d\u00e9veloppez vos comp\u00e9tences et faites partie d&rsquo;une \u00e9quipe engag\u00e9e et innovante. Chez FORIS, votre potentiel est valoris\u00e9 et vos ambitions sont soutenues. Rejoignez-nous d\u00e8s aujourd&rsquo;hui [&hellip;]<\/p>","protected":false},"author":1,"featured_media":0,"parent":0,"menu_order":0,"comment_status":"closed","ping_status":"closed","template":"","meta":{"footnotes":""},"class_list":["post-1176","page","type-page","status-publish","hentry"],"yoast_head":"<!-- This site is optimized with the Yoast SEO plugin v25.4 - https:\/\/yoast.com\/wordpress\/plugins\/seo\/ -->\n<title>Offres d&#039;emploi - foris<\/title>\n<meta name=\"robots\" content=\"index, follow, max-snippet:-1, max-image-preview:large, max-video-preview:-1\" \/>\n<link rel=\"canonical\" href=\"https:\/\/foris-consulting.com\/en\/offres-demploi\/\" \/>\n<meta property=\"og:locale\" content=\"en_US\" \/>\n<meta property=\"og:type\" content=\"article\" \/>\n<meta property=\"og:title\" content=\"Offres d&#039;emploi - foris\" \/>\n<meta property=\"og:description\" content=\"carri\u00e8res Offres d&#8217;emploi Nos offres d&#8217;emploi Rejoignez FORIS pour une carri\u00e8re dynamique, enrichissante et internationale. D\u00e9couvrez un environnement de travail stimulant, inclusif et ax\u00e9 sur l&rsquo;excellence. Relevez des d\u00e9fis passionnants, d\u00e9veloppez vos comp\u00e9tences et faites partie d&rsquo;une \u00e9quipe engag\u00e9e et innovante. Chez FORIS, votre potentiel est valoris\u00e9 et vos ambitions sont soutenues. Rejoignez-nous d\u00e8s aujourd&rsquo;hui [&hellip;]\" \/>\n<meta property=\"og:url\" content=\"https:\/\/foris-consulting.com\/en\/offres-demploi\/\" \/>\n<meta property=\"og:site_name\" content=\"foris\" \/>\n<meta property=\"article:modified_time\" content=\"2026-01-14T11:01:45+00:00\" \/>\n<meta property=\"og:image\" content=\"https:\/\/foris-consulting.com\/wp-content\/uploads\/2024\/06\/iconneee-1.png\" \/>\n<meta name=\"twitter:card\" content=\"summary_large_image\" \/>\n<meta name=\"twitter:label1\" content=\"Est. reading time\" \/>\n\t<meta name=\"twitter:data1\" content=\"2 minutes\" \/>\n<script type=\"application\/ld+json\" class=\"yoast-schema-graph\">{\"@context\":\"https:\/\/schema.org\",\"@graph\":[{\"@type\":\"WebPage\",\"@id\":\"https:\/\/foris-consulting.com\/offres-demploi\/\",\"url\":\"https:\/\/foris-consulting.com\/offres-demploi\/\",\"name\":\"Offres d'emploi - foris\",\"isPartOf\":{\"@id\":\"https:\/\/foris-consulting.com\/#website\"},\"primaryImageOfPage\":{\"@id\":\"https:\/\/foris-consulting.com\/offres-demploi\/#primaryimage\"},\"image\":{\"@id\":\"https:\/\/foris-consulting.com\/offres-demploi\/#primaryimage\"},\"thumbnailUrl\":\"https:\/\/foris-consulting.com\/wp-content\/uploads\/2024\/06\/iconneee-1.png\",\"datePublished\":\"2024-06-04T13:31:42+00:00\",\"dateModified\":\"2026-01-14T11:01:45+00:00\",\"breadcrumb\":{\"@id\":\"https:\/\/foris-consulting.com\/offres-demploi\/#breadcrumb\"},\"inLanguage\":\"en-US\",\"potentialAction\":[{\"@type\":\"ReadAction\",\"target\":[\"https:\/\/foris-consulting.com\/offres-demploi\/\"]}]},{\"@type\":\"ImageObject\",\"inLanguage\":\"en-US\",\"@id\":\"https:\/\/foris-consulting.com\/offres-demploi\/#primaryimage\",\"url\":\"https:\/\/foris-consulting.com\/wp-content\/uploads\/2024\/06\/iconneee-1.png\",\"contentUrl\":\"https:\/\/foris-consulting.com\/wp-content\/uploads\/2024\/06\/iconneee-1.png\"},{\"@type\":\"BreadcrumbList\",\"@id\":\"https:\/\/foris-consulting.com\/offres-demploi\/#breadcrumb\",\"itemListElement\":[{\"@type\":\"ListItem\",\"position\":1,\"name\":\"Accueil\",\"item\":\"https:\/\/foris-consulting.com\/\"},{\"@type\":\"ListItem\",\"position\":2,\"name\":\"Offres d&#8217;emploi\"}]},{\"@type\":\"WebSite\",\"@id\":\"https:\/\/foris-consulting.com\/#website\",\"url\":\"https:\/\/foris-consulting.com\/\",\"name\":\"foris\",\"description\":\"FORIS : Leading solutions, not just assessments\",\"potentialAction\":[{\"@type\":\"SearchAction\",\"target\":{\"@type\":\"EntryPoint\",\"urlTemplate\":\"https:\/\/foris-consulting.com\/?s={search_term_string}\"},\"query-input\":{\"@type\":\"PropertyValueSpecification\",\"valueRequired\":true,\"valueName\":\"search_term_string\"}}],\"inLanguage\":\"en-US\"}]}<\/script>\n<!-- \/ Yoast SEO plugin. -->","yoast_head_json":{"title":"Offres d'emploi - foris","robots":{"index":"index","follow":"follow","max-snippet":"max-snippet:-1","max-image-preview":"max-image-preview:large","max-video-preview":"max-video-preview:-1"},"canonical":"https:\/\/foris-consulting.com\/en\/offres-demploi\/","og_locale":"en_US","og_type":"article","og_title":"Offres d'emploi - foris","og_description":"carri\u00e8res Offres d&#8217;emploi Nos offres d&#8217;emploi Rejoignez FORIS pour une carri\u00e8re dynamique, enrichissante et internationale. D\u00e9couvrez un environnement de travail stimulant, inclusif et ax\u00e9 sur l&rsquo;excellence. Relevez des d\u00e9fis passionnants, d\u00e9veloppez vos comp\u00e9tences et faites partie d&rsquo;une \u00e9quipe engag\u00e9e et innovante. Chez FORIS, votre potentiel est valoris\u00e9 et vos ambitions sont soutenues. Rejoignez-nous d\u00e8s aujourd&rsquo;hui [&hellip;]","og_url":"https:\/\/foris-consulting.com\/en\/offres-demploi\/","og_site_name":"foris","article_modified_time":"2026-01-14T11:01:45+00:00","og_image":[{"url":"https:\/\/foris-consulting.com\/wp-content\/uploads\/2024\/06\/iconneee-1.png","type":"","width":"","height":""}],"twitter_card":"summary_large_image","twitter_misc":{"Est. reading time":"2 minutes"},"schema":{"@context":"https:\/\/schema.org","@graph":[{"@type":"WebPage","@id":"https:\/\/foris-consulting.com\/offres-demploi\/","url":"https:\/\/foris-consulting.com\/offres-demploi\/","name":"Offres d'emploi - foris","isPartOf":{"@id":"https:\/\/foris-consulting.com\/#website"},"primaryImageOfPage":{"@id":"https:\/\/foris-consulting.com\/offres-demploi\/#primaryimage"},"image":{"@id":"https:\/\/foris-consulting.com\/offres-demploi\/#primaryimage"},"thumbnailUrl":"https:\/\/foris-consulting.com\/wp-content\/uploads\/2024\/06\/iconneee-1.png","datePublished":"2024-06-04T13:31:42+00:00","dateModified":"2026-01-14T11:01:45+00:00","breadcrumb":{"@id":"https:\/\/foris-consulting.com\/offres-demploi\/#breadcrumb"},"inLanguage":"en-US","potentialAction":[{"@type":"ReadAction","target":["https:\/\/foris-consulting.com\/offres-demploi\/"]}]},{"@type":"ImageObject","inLanguage":"en-US","@id":"https:\/\/foris-consulting.com\/offres-demploi\/#primaryimage","url":"https:\/\/foris-consulting.com\/wp-content\/uploads\/2024\/06\/iconneee-1.png","contentUrl":"https:\/\/foris-consulting.com\/wp-content\/uploads\/2024\/06\/iconneee-1.png"},{"@type":"BreadcrumbList","@id":"https:\/\/foris-consulting.com\/offres-demploi\/#breadcrumb","itemListElement":[{"@type":"ListItem","position":1,"name":"Accueil","item":"https:\/\/foris-consulting.com\/"},{"@type":"ListItem","position":2,"name":"Offres d&#8217;emploi"}]},{"@type":"WebSite","@id":"https:\/\/foris-consulting.com\/#website","url":"https:\/\/foris-consulting.com\/","name":"foris","description":"FORIS : Leading solutions, not just assessments","potentialAction":[{"@type":"SearchAction","target":{"@type":"EntryPoint","urlTemplate":"https:\/\/foris-consulting.com\/?s={search_term_string}"},"query-input":{"@type":"PropertyValueSpecification","valueRequired":true,"valueName":"search_term_string"}}],"inLanguage":"en-US"}]}},"_links":{"self":[{"href":"https:\/\/foris-consulting.com\/en\/wp-json\/wp\/v2\/pages\/1176","targetHints":{"allow":["GET"]}}],"collection":[{"href":"https:\/\/foris-consulting.com\/en\/wp-json\/wp\/v2\/pages"}],"about":[{"href":"https:\/\/foris-consulting.com\/en\/wp-json\/wp\/v2\/types\/page"}],"author":[{"embeddable":true,"href":"https:\/\/foris-consulting.com\/en\/wp-json\/wp\/v2\/users\/1"}],"replies":[{"embeddable":true,"href":"https:\/\/foris-consulting.com\/en\/wp-json\/wp\/v2\/comments?post=1176"}],"version-history":[{"count":22,"href":"https:\/\/foris-consulting.com\/en\/wp-json\/wp\/v2\/pages\/1176\/revisions"}],"predecessor-version":[{"id":8734,"href":"https:\/\/foris-consulting.com\/en\/wp-json\/wp\/v2\/pages\/1176\/revisions\/8734"}],"wp:attachment":[{"href":"https:\/\/foris-consulting.com\/en\/wp-json\/wp\/v2\/media?parent=1176"}],"curies":[{"name":"wp","href":"https:\/\/api.w.org\/{rel}","templated":true}]}}