{"id":1168,"date":"2024-06-04T14:21:13","date_gmt":"2024-06-04T12:21:13","guid":{"rendered":"https:\/\/foris-consulting.com\/?page_id=1168"},"modified":"2024-09-10T16:22:51","modified_gmt":"2024-09-10T14:22:51","slug":"developper-votre-expertise","status":"publish","type":"page","link":"https:\/\/foris-consulting.com\/en\/developper-votre-expertise\/","title":{"rendered":"Boost your career"},"content":{"rendered":"<div data-elementor-type=\"wp-page\" data-elementor-id=\"1168\" class=\"elementor elementor-1168\" data-elementor-post-type=\"page\">\n\t\t\t\t\t\t<section class=\"elementor-section elementor-top-section elementor-element elementor-element-23a0793 elementor-section-height-min-height elementor-section-stretched elementor-section-items-bottom elementor-section-boxed elementor-section-height-default\" data-id=\"23a0793\" data-element_type=\"section\" data-settings=\"{&quot;background_background&quot;:&quot;classic&quot;,&quot;stretch_section&quot;:&quot;section-stretched&quot;}\">\n\t\t\t\t\t\t\t<div class=\"elementor-background-overlay\"><\/div>\n\t\t\t\t\t\t\t<div class=\"elementor-container elementor-column-gap-default\">\n\t\t\t\t\t<div class=\"elementor-column elementor-col-100 elementor-top-column elementor-element elementor-element-9a8bb41\" data-id=\"9a8bb41\" data-element_type=\"column\">\n\t\t\t<div class=\"elementor-widget-wrap elementor-element-populated\">\n\t\t\t\t\t\t<section class=\"elementor-section elementor-inner-section elementor-element elementor-element-c74068f elementor-section-boxed elementor-section-height-default elementor-section-height-default\" data-id=\"c74068f\" data-element_type=\"section\">\n\t\t\t\t\t\t<div class=\"elementor-container elementor-column-gap-default\">\n\t\t\t\t\t<div class=\"elementor-column elementor-col-50 elementor-inner-column elementor-element elementor-element-2e7114e\" data-id=\"2e7114e\" data-element_type=\"column\" data-settings=\"{&quot;background_background&quot;:&quot;classic&quot;}\">\n\t\t\t<div class=\"elementor-widget-wrap elementor-element-populated\">\n\t\t\t\t\t\t<div class=\"elementor-element elementor-element-28b9578 elementor-widget__width-auto elementor-widget-mobile__width-initial ekit-equal-height-disable elementor-widget elementor-widget-elementskit-icon-box\" data-id=\"28b9578\" data-element_type=\"widget\" data-widget_type=\"elementskit-icon-box.default\">\n\t\t\t\t<div class=\"elementor-widget-container\">\n\t\t\t\t\t<div class=\"ekit-wid-con\" >        <!-- link opening -->\n                <a href=\"#\" class=\"ekit_global_links\">\n                <!-- end link opening -->\n\n        <div class=\"elementskit-infobox text-left text-left icon-lef-right-aligin elementor-animation- media\">\n                            <div class=\"elementskit-box-header\">\n                <div class=\"elementskit-info-box-icon text-center\">\n                    <img fetchpriority=\"high\" decoding=\"async\" width=\"361\" height=\"360\" src=\"https:\/\/foris-consulting.com\/wp-content\/uploads\/2024\/06\/iconneee-1.png\" class=\"attachment- size-\" alt=\"\" srcset=\"https:\/\/foris-consulting.com\/wp-content\/uploads\/2024\/06\/iconneee-1.png 361w, https:\/\/foris-consulting.com\/wp-content\/uploads\/2024\/06\/iconneee-1-300x300.png 300w, https:\/\/foris-consulting.com\/wp-content\/uploads\/2024\/06\/iconneee-1-150x150.png 150w\" sizes=\"(max-width: 361px) 100vw, 361px\" \/>                <\/div>\n          <\/div>\n                <div class=\"box-body\">\n                            <h4 class=\"elementskit-info-box-title\">\n                    careers                <\/h4>\n                                            <\/div>\n        \n        \n                <\/div>\n                <\/a>\n        <\/div>\t\t\t\t<\/div>\n\t\t\t\t<\/div>\n\t\t\t\t<div class=\"elementor-element elementor-element-deb8d1b elementor-widget__width-initial elementor-widget elementor-widget-heading\" data-id=\"deb8d1b\" data-element_type=\"widget\" data-widget_type=\"heading.default\">\n\t\t\t\t<div class=\"elementor-widget-container\">\n\t\t\t\t\t<h2 class=\"elementor-heading-title elementor-size-default\">Boost your career<\/h2>\t\t\t\t<\/div>\n\t\t\t\t<\/div>\n\t\t\t\t\t<\/div>\n\t\t<\/div>\n\t\t\t\t<div class=\"elementor-column elementor-col-50 elementor-inner-column elementor-element elementor-element-a3ea68a elementor-hidden-mobile\" data-id=\"a3ea68a\" data-element_type=\"column\">\n\t\t\t<div class=\"elementor-widget-wrap\">\n\t\t\t\t\t\t\t<\/div>\n\t\t<\/div>\n\t\t\t\t\t<\/div>\n\t\t<\/section>\n\t\t\t\t\t<\/div>\n\t\t<\/div>\n\t\t\t\t\t<\/div>\n\t\t<\/section>\n\t\t\t\t<section class=\"elementor-section elementor-top-section elementor-element elementor-element-565e171 elementor-section-boxed elementor-section-height-default elementor-section-height-default\" data-id=\"565e171\" data-element_type=\"section\" data-settings=\"{&quot;background_background&quot;:&quot;classic&quot;}\">\n\t\t\t\t\t\t<div class=\"elementor-container elementor-column-gap-default\">\n\t\t\t\t\t<div class=\"elementor-column elementor-col-100 elementor-top-column elementor-element elementor-element-9f81e89\" data-id=\"9f81e89\" data-element_type=\"column\">\n\t\t\t<div class=\"elementor-widget-wrap elementor-element-populated\">\n\t\t\t\t\t\t<div class=\"elementor-element elementor-element-0348f98 elementor-widget__width-initial elementor-widget elementor-widget-heading\" data-id=\"0348f98\" data-element_type=\"widget\" data-widget_type=\"heading.default\">\n\t\t\t\t<div class=\"elementor-widget-container\">\n\t\t\t\t\t<h2 class=\"elementor-heading-title elementor-size-default\">Develop your expertise\n<\/h2>\t\t\t\t<\/div>\n\t\t\t\t<\/div>\n\t\t\t\t<section class=\"elementor-section elementor-inner-section elementor-element elementor-element-fb4afbd elementor-section-full_width elementor-section-height-default elementor-section-height-default\" data-id=\"fb4afbd\" data-element_type=\"section\">\n\t\t\t\t\t\t<div class=\"elementor-container elementor-column-gap-default\">\n\t\t\t\t\t<div class=\"elementor-column elementor-col-50 elementor-inner-column elementor-element elementor-element-cd22bb7\" data-id=\"cd22bb7\" data-element_type=\"column\">\n\t\t\t<div class=\"elementor-widget-wrap elementor-element-populated\">\n\t\t\t\t\t\t<div class=\"elementor-element elementor-element-d987c5d elementor-widget elementor-widget-text-editor\" data-id=\"d987c5d\" data-element_type=\"widget\" data-widget_type=\"text-editor.default\">\n\t\t\t\t<div class=\"elementor-widget-container\">\n\t\t\t\t\t\t\t\t\t<p>Joining FORIS means committing to becoming a specialist in your field, at the heart of business challenges. It means taking on concrete and stimulating responsibilities. It means strengthening your skills in finance, accounting and taxation to stay at the forefront of economic and financial updates. It also means benefiting from a variety of career opportunities in the areas of the fight against financial crimes, governance, risks and compliance. All essential elements to enrich your career path!<\/p>\t\t\t\t\t\t\t\t<\/div>\n\t\t\t\t<\/div>\n\t\t\t\t\t<\/div>\n\t\t<\/div>\n\t\t\t\t<div class=\"elementor-column elementor-col-50 elementor-inner-column elementor-element elementor-element-3062564\" data-id=\"3062564\" data-element_type=\"column\">\n\t\t\t<div class=\"elementor-widget-wrap elementor-element-populated\">\n\t\t\t\t\t\t<div class=\"elementor-element elementor-element-5ad6028 elementor-widget elementor-widget-image\" data-id=\"5ad6028\" data-element_type=\"widget\" data-widget_type=\"image.default\">\n\t\t\t\t<div class=\"elementor-widget-container\">\n\t\t\t\t\t\t\t\t\t\t\t\t\t\t\t<img decoding=\"async\" width=\"800\" height=\"533\" src=\"https:\/\/foris-consulting.com\/wp-content\/uploads\/2024\/06\/multiracial-business-team-meeting-modern-bright-office-1-scaled-1-1024x682.jpg\" class=\"attachment-large size-large wp-image-2478\" alt=\"\" srcset=\"https:\/\/foris-consulting.com\/wp-content\/uploads\/2024\/06\/multiracial-business-team-meeting-modern-bright-office-1-scaled-1-1024x682.jpg 1024w, https:\/\/foris-consulting.com\/wp-content\/uploads\/2024\/06\/multiracial-business-team-meeting-modern-bright-office-1-scaled-1-300x200.jpg 300w, https:\/\/foris-consulting.com\/wp-content\/uploads\/2024\/06\/multiracial-business-team-meeting-modern-bright-office-1-scaled-1-768x511.jpg 768w, https:\/\/foris-consulting.com\/wp-content\/uploads\/2024\/06\/multiracial-business-team-meeting-modern-bright-office-1-scaled-1-1536x1022.jpg 1536w, https:\/\/foris-consulting.com\/wp-content\/uploads\/2024\/06\/multiracial-business-team-meeting-modern-bright-office-1-scaled-1-2048x1363.jpg 2048w\" sizes=\"(max-width: 800px) 100vw, 800px\" \/>\t\t\t\t\t\t\t\t\t\t\t\t\t\t\t<\/div>\n\t\t\t\t<\/div>\n\t\t\t\t\t<\/div>\n\t\t<\/div>\n\t\t\t\t\t<\/div>\n\t\t<\/section>\n\t\t\t\t\t<\/div>\n\t\t<\/div>\n\t\t\t\t\t<\/div>\n\t\t<\/section>\n\t\t<div class=\"elementor-element elementor-element-ac0e5fb e-flex e-con-boxed e-con e-parent\" data-id=\"ac0e5fb\" data-element_type=\"container\" data-settings=\"{&quot;background_background&quot;:&quot;classic&quot;}\">\n\t\t\t\t\t<div class=\"e-con-inner\">\n\t\t<div class=\"elementor-element elementor-element-10fc82e e-flex e-con-boxed e-con e-child\" data-id=\"10fc82e\" data-element_type=\"container\">\n\t\t\t\t\t<div class=\"e-con-inner\">\n\t\t\t\t<div class=\"elementor-element elementor-element-a83e5b9 elementor-widget__width-initial elementor-widget elementor-widget-heading\" data-id=\"a83e5b9\" data-element_type=\"widget\" data-widget_type=\"heading.default\">\n\t\t\t\t<div class=\"elementor-widget-container\">\n\t\t\t\t\t<h2 class=\"elementor-heading-title elementor-size-default\">Acquire new skills\n<\/h2>\t\t\t\t<\/div>\n\t\t\t\t<\/div>\n\t\t<div class=\"elementor-element elementor-element-6592ed2 e-con-full e-flex e-con e-child\" data-id=\"6592ed2\" data-element_type=\"container\">\n\t\t<div class=\"elementor-element elementor-element-eb515cd e-con-full e-flex e-con e-child\" data-id=\"eb515cd\" data-element_type=\"container\">\n\t\t\t\t<div class=\"elementor-element elementor-element-bc947ea elementor-widget elementor-widget-image\" data-id=\"bc947ea\" data-element_type=\"widget\" data-widget_type=\"image.default\">\n\t\t\t\t<div class=\"elementor-widget-container\">\n\t\t\t\t\t\t\t\t\t\t\t\t\t\t\t<img decoding=\"async\" width=\"800\" height=\"650\" src=\"https:\/\/foris-consulting.com\/wp-content\/uploads\/2024\/06\/skills-intelligence-job-occupation-recruitment-concept-1-scaled-1-1024x832.jpg\" class=\"attachment-large size-large wp-image-2479\" alt=\"\" srcset=\"https:\/\/foris-consulting.com\/wp-content\/uploads\/2024\/06\/skills-intelligence-job-occupation-recruitment-concept-1-scaled-1-1024x832.jpg 1024w, https:\/\/foris-consulting.com\/wp-content\/uploads\/2024\/06\/skills-intelligence-job-occupation-recruitment-concept-1-scaled-1-300x244.jpg 300w, https:\/\/foris-consulting.com\/wp-content\/uploads\/2024\/06\/skills-intelligence-job-occupation-recruitment-concept-1-scaled-1-768x624.jpg 768w, https:\/\/foris-consulting.com\/wp-content\/uploads\/2024\/06\/skills-intelligence-job-occupation-recruitment-concept-1-scaled-1-1536x1247.jpg 1536w, https:\/\/foris-consulting.com\/wp-content\/uploads\/2024\/06\/skills-intelligence-job-occupation-recruitment-concept-1-scaled-1-2048x1663.jpg 2048w\" sizes=\"(max-width: 800px) 100vw, 800px\" \/>\t\t\t\t\t\t\t\t\t\t\t\t\t\t\t<\/div>\n\t\t\t\t<\/div>\n\t\t\t\t<\/div>\n\t\t<div class=\"elementor-element elementor-element-052f184 e-con-full e-flex e-con e-child\" data-id=\"052f184\" data-element_type=\"container\">\n\t\t\t\t<div class=\"elementor-element elementor-element-cc34528 elementor-widget elementor-widget-text-editor\" data-id=\"cc34528\" data-element_type=\"widget\" data-widget_type=\"text-editor.default\">\n\t\t\t\t<div class=\"elementor-widget-container\">\n\t\t\t\t\t\t\t\t\t<p>At FORIS, we firmly believe that every talent deserves the best conditions to flourish. Thanks to regular and certified training, enriching experience in the field and the sharing of expertise, you will constantly develop new skills. Every day, you will build privileged relationships with key players, gain responsibility and autonomy.<\/p>\t\t\t\t\t\t\t\t<\/div>\n\t\t\t\t<\/div>\n\t\t\t\t<\/div>\n\t\t\t\t<\/div>\n\t\t\t\t\t<\/div>\n\t\t\t\t<\/div>\n\t\t\t\t\t<\/div>\n\t\t\t\t<\/div>\n\t\t\t\t<\/div>","protected":false},"excerpt":{"rendered":"<p>carri\u00e8res Propulsez votre carri\u00e9re D\u00e9velopper votre expertise Rejoindre FORIS, c&rsquo;est s&rsquo;engager \u00e0 devenir un sp\u00e9cialiste de son domaine, au c\u0153ur des d\u00e9fis des entreprises. C&rsquo;est assumer des responsabilit\u00e9s concr\u00e8tes et stimulantes. C&rsquo;est renforcer ses comp\u00e9tences en finance, comptabilit\u00e9 et fiscalit\u00e9 pour rester \u00e0 la pointe de l&rsquo;actualit\u00e9 \u00e9conomique et financi\u00e8re. C&rsquo;est \u00e9galement b\u00e9n\u00e9ficier d&rsquo;une vari\u00e9t\u00e9 [&hellip;]<\/p>","protected":false},"author":1,"featured_media":0,"parent":0,"menu_order":0,"comment_status":"closed","ping_status":"closed","template":"","meta":{"footnotes":""},"class_list":["post-1168","page","type-page","status-publish","hentry"],"yoast_head":"<!-- This site is optimized with the Yoast SEO plugin v25.4 - https:\/\/yoast.com\/wordpress\/plugins\/seo\/ -->\n<title>Propulsez votre carri\u00e9re - foris<\/title>\n<meta name=\"robots\" content=\"index, follow, max-snippet:-1, max-image-preview:large, max-video-preview:-1\" \/>\n<link rel=\"canonical\" href=\"https:\/\/foris-consulting.com\/en\/developper-votre-expertise\/\" \/>\n<meta property=\"og:locale\" content=\"en_US\" \/>\n<meta property=\"og:type\" content=\"article\" \/>\n<meta property=\"og:title\" content=\"Propulsez votre carri\u00e9re - foris\" \/>\n<meta property=\"og:description\" content=\"carri\u00e8res Propulsez votre carri\u00e9re D\u00e9velopper votre expertise Rejoindre FORIS, c&rsquo;est s&rsquo;engager \u00e0 devenir un sp\u00e9cialiste de son domaine, au c\u0153ur des d\u00e9fis des entreprises. C&rsquo;est assumer des responsabilit\u00e9s concr\u00e8tes et stimulantes. C&rsquo;est renforcer ses comp\u00e9tences en finance, comptabilit\u00e9 et fiscalit\u00e9 pour rester \u00e0 la pointe de l&rsquo;actualit\u00e9 \u00e9conomique et financi\u00e8re. C&rsquo;est \u00e9galement b\u00e9n\u00e9ficier d&rsquo;une vari\u00e9t\u00e9 [&hellip;]\" \/>\n<meta property=\"og:url\" content=\"https:\/\/foris-consulting.com\/en\/developper-votre-expertise\/\" \/>\n<meta property=\"og:site_name\" content=\"foris\" \/>\n<meta property=\"article:modified_time\" content=\"2024-09-10T14:22:51+00:00\" \/>\n<meta property=\"og:image\" content=\"https:\/\/foris-consulting.com\/wp-content\/uploads\/2024\/06\/iconneee-1.png\" \/>\n<meta name=\"twitter:card\" content=\"summary_large_image\" \/>\n<meta name=\"twitter:label1\" content=\"Est. reading time\" \/>\n\t<meta name=\"twitter:data1\" content=\"1 minute\" \/>\n<script type=\"application\/ld+json\" class=\"yoast-schema-graph\">{\"@context\":\"https:\/\/schema.org\",\"@graph\":[{\"@type\":\"WebPage\",\"@id\":\"https:\/\/foris-consulting.com\/developper-votre-expertise\/\",\"url\":\"https:\/\/foris-consulting.com\/developper-votre-expertise\/\",\"name\":\"Propulsez votre carri\u00e9re - foris\",\"isPartOf\":{\"@id\":\"https:\/\/foris-consulting.com\/#website\"},\"primaryImageOfPage\":{\"@id\":\"https:\/\/foris-consulting.com\/developper-votre-expertise\/#primaryimage\"},\"image\":{\"@id\":\"https:\/\/foris-consulting.com\/developper-votre-expertise\/#primaryimage\"},\"thumbnailUrl\":\"https:\/\/foris-consulting.com\/wp-content\/uploads\/2024\/06\/iconneee-1.png\",\"datePublished\":\"2024-06-04T12:21:13+00:00\",\"dateModified\":\"2024-09-10T14:22:51+00:00\",\"breadcrumb\":{\"@id\":\"https:\/\/foris-consulting.com\/developper-votre-expertise\/#breadcrumb\"},\"inLanguage\":\"en-US\",\"potentialAction\":[{\"@type\":\"ReadAction\",\"target\":[\"https:\/\/foris-consulting.com\/developper-votre-expertise\/\"]}]},{\"@type\":\"ImageObject\",\"inLanguage\":\"en-US\",\"@id\":\"https:\/\/foris-consulting.com\/developper-votre-expertise\/#primaryimage\",\"url\":\"https:\/\/foris-consulting.com\/wp-content\/uploads\/2024\/06\/iconneee-1.png\",\"contentUrl\":\"https:\/\/foris-consulting.com\/wp-content\/uploads\/2024\/06\/iconneee-1.png\"},{\"@type\":\"BreadcrumbList\",\"@id\":\"https:\/\/foris-consulting.com\/developper-votre-expertise\/#breadcrumb\",\"itemListElement\":[{\"@type\":\"ListItem\",\"position\":1,\"name\":\"Accueil\",\"item\":\"https:\/\/foris-consulting.com\/\"},{\"@type\":\"ListItem\",\"position\":2,\"name\":\"Propulsez votre carri\u00e9re\"}]},{\"@type\":\"WebSite\",\"@id\":\"https:\/\/foris-consulting.com\/#website\",\"url\":\"https:\/\/foris-consulting.com\/\",\"name\":\"foris\",\"description\":\"FORIS : Leading solutions, not just assessments\",\"potentialAction\":[{\"@type\":\"SearchAction\",\"target\":{\"@type\":\"EntryPoint\",\"urlTemplate\":\"https:\/\/foris-consulting.com\/?s={search_term_string}\"},\"query-input\":{\"@type\":\"PropertyValueSpecification\",\"valueRequired\":true,\"valueName\":\"search_term_string\"}}],\"inLanguage\":\"en-US\"}]}<\/script>\n<!-- \/ Yoast SEO plugin. -->","yoast_head_json":{"title":"Propulsez votre carri\u00e9re - foris","robots":{"index":"index","follow":"follow","max-snippet":"max-snippet:-1","max-image-preview":"max-image-preview:large","max-video-preview":"max-video-preview:-1"},"canonical":"https:\/\/foris-consulting.com\/en\/developper-votre-expertise\/","og_locale":"en_US","og_type":"article","og_title":"Propulsez votre carri\u00e9re - foris","og_description":"carri\u00e8res Propulsez votre carri\u00e9re D\u00e9velopper votre expertise Rejoindre FORIS, c&rsquo;est s&rsquo;engager \u00e0 devenir un sp\u00e9cialiste de son domaine, au c\u0153ur des d\u00e9fis des entreprises. C&rsquo;est assumer des responsabilit\u00e9s concr\u00e8tes et stimulantes. C&rsquo;est renforcer ses comp\u00e9tences en finance, comptabilit\u00e9 et fiscalit\u00e9 pour rester \u00e0 la pointe de l&rsquo;actualit\u00e9 \u00e9conomique et financi\u00e8re. C&rsquo;est \u00e9galement b\u00e9n\u00e9ficier d&rsquo;une vari\u00e9t\u00e9 [&hellip;]","og_url":"https:\/\/foris-consulting.com\/en\/developper-votre-expertise\/","og_site_name":"foris","article_modified_time":"2024-09-10T14:22:51+00:00","og_image":[{"url":"https:\/\/foris-consulting.com\/wp-content\/uploads\/2024\/06\/iconneee-1.png","type":"","width":"","height":""}],"twitter_card":"summary_large_image","twitter_misc":{"Est. reading time":"1 minute"},"schema":{"@context":"https:\/\/schema.org","@graph":[{"@type":"WebPage","@id":"https:\/\/foris-consulting.com\/developper-votre-expertise\/","url":"https:\/\/foris-consulting.com\/developper-votre-expertise\/","name":"Propulsez votre carri\u00e9re - foris","isPartOf":{"@id":"https:\/\/foris-consulting.com\/#website"},"primaryImageOfPage":{"@id":"https:\/\/foris-consulting.com\/developper-votre-expertise\/#primaryimage"},"image":{"@id":"https:\/\/foris-consulting.com\/developper-votre-expertise\/#primaryimage"},"thumbnailUrl":"https:\/\/foris-consulting.com\/wp-content\/uploads\/2024\/06\/iconneee-1.png","datePublished":"2024-06-04T12:21:13+00:00","dateModified":"2024-09-10T14:22:51+00:00","breadcrumb":{"@id":"https:\/\/foris-consulting.com\/developper-votre-expertise\/#breadcrumb"},"inLanguage":"en-US","potentialAction":[{"@type":"ReadAction","target":["https:\/\/foris-consulting.com\/developper-votre-expertise\/"]}]},{"@type":"ImageObject","inLanguage":"en-US","@id":"https:\/\/foris-consulting.com\/developper-votre-expertise\/#primaryimage","url":"https:\/\/foris-consulting.com\/wp-content\/uploads\/2024\/06\/iconneee-1.png","contentUrl":"https:\/\/foris-consulting.com\/wp-content\/uploads\/2024\/06\/iconneee-1.png"},{"@type":"BreadcrumbList","@id":"https:\/\/foris-consulting.com\/developper-votre-expertise\/#breadcrumb","itemListElement":[{"@type":"ListItem","position":1,"name":"Accueil","item":"https:\/\/foris-consulting.com\/"},{"@type":"ListItem","position":2,"name":"Propulsez votre carri\u00e9re"}]},{"@type":"WebSite","@id":"https:\/\/foris-consulting.com\/#website","url":"https:\/\/foris-consulting.com\/","name":"foris","description":"FORIS : Leading solutions, not just assessments","potentialAction":[{"@type":"SearchAction","target":{"@type":"EntryPoint","urlTemplate":"https:\/\/foris-consulting.com\/?s={search_term_string}"},"query-input":{"@type":"PropertyValueSpecification","valueRequired":true,"valueName":"search_term_string"}}],"inLanguage":"en-US"}]}},"_links":{"self":[{"href":"https:\/\/foris-consulting.com\/en\/wp-json\/wp\/v2\/pages\/1168","targetHints":{"allow":["GET"]}}],"collection":[{"href":"https:\/\/foris-consulting.com\/en\/wp-json\/wp\/v2\/pages"}],"about":[{"href":"https:\/\/foris-consulting.com\/en\/wp-json\/wp\/v2\/types\/page"}],"author":[{"embeddable":true,"href":"https:\/\/foris-consulting.com\/en\/wp-json\/wp\/v2\/users\/1"}],"replies":[{"embeddable":true,"href":"https:\/\/foris-consulting.com\/en\/wp-json\/wp\/v2\/comments?post=1168"}],"version-history":[{"count":1,"href":"https:\/\/foris-consulting.com\/en\/wp-json\/wp\/v2\/pages\/1168\/revisions"}],"predecessor-version":[{"id":8378,"href":"https:\/\/foris-consulting.com\/en\/wp-json\/wp\/v2\/pages\/1168\/revisions\/8378"}],"wp:attachment":[{"href":"https:\/\/foris-consulting.com\/en\/wp-json\/wp\/v2\/media?parent=1168"}],"curies":[{"name":"wp","href":"https:\/\/api.w.org\/{rel}","templated":true}]}}